{"id":10407,"date":"2018-07-26T07:17:24","date_gmt":"2018-07-26T06:17:24","guid":{"rendered":"https:\/\/v2.bossaot.com\/?page_id=10407"},"modified":"2025-07-14T15:34:39","modified_gmt":"2025-07-14T14:34:39","slug":"ueber-uns","status":"publish","type":"page","link":"https:\/\/v3.bossaot.com\/de\/ueber-uns\/","title":{"rendered":"\u00dcber uns"},"content":{"rendered":"\t\t<div data-elementor-type=\"wp-page\" data-elementor-id=\"10407\" class=\"elementor elementor-10407 elementor-392\" data-elementor-post-type=\"page\">\n\t\t\t\t<div class=\"elementor-element elementor-element-914ffa4 e-grid e-con-boxed e-con e-parent\" data-id=\"914ffa4\" data-element_type=\"container\">\n\t\t\t\t\t<div class=\"e-con-inner\">\n\t\t\t\t<div class=\"elementor-element elementor-element-89b0d57 elementor-widget elementor-widget-text-editor\" data-id=\"89b0d57\" data-element_type=\"widget\" data-widget_type=\"text-editor.default\">\n\t\t\t\t<div class=\"elementor-widget-container\">\n\t\t\t\t\t\t\t\t\t<p class=\"\" data-start=\"113\" data-end=\"368\"><strong data-start=\"113\" data-end=\"144\">BOT \u2013 Bossa Online Training<\/strong> bietet Fachkr\u00e4ften der Reisebranche die M\u00f6glichkeit, mehr \u00fcber Reiseziele und touristische Produkte zu erfahren. Durch unsere Online-Kurse k\u00f6nnen Reiseprofis ihr Wissen erweitern und sich in ihrem Fachgebiet spezialisieren.<\/p>\n<p class=\"\" data-start=\"370\" data-end=\"668\">Nach der Registrierung bei <strong data-start=\"397\" data-end=\"428\">BOT \u2013 Bossa Online Training<\/strong> erhalten Sie sofortigen Zugriff auf alle unsere Schulungskurse. Unser System erm\u00f6glicht einen einfachen Wechsel zwischen den verschiedenen Programmen und stellt sicher, dass Sie stets \u00fcber die neuesten Trainingsangebote informiert bleiben.<\/p>\n<p class=\"\" data-start=\"670\" data-end=\"913\"><strong data-start=\"670\" data-end=\"701\">BOT \u2013 Bossa Online Training<\/strong> bietet au\u00dferdem die M\u00f6glichkeit, bei erfolgreichem Abschluss bestimmter Kurse Anreize und Belohnungen zu erhalten. Zudem behalten Sie jederzeit den \u00dcberblick \u00fcber Ihren Fortschritt w\u00e4hrend der gesamten Schulung.<\/p>\n<p class=\"\" data-start=\"915\" data-end=\"1120\">Sobald Sie sich bei <strong data-start=\"935\" data-end=\"966\">BOT \u2013 Bossa Online Training<\/strong> registriert haben, erhalten Sie regelm\u00e4\u00dfig Informationen \u00fcber neue Kurse, Destinationsevents, Fam Trips, Wettbewerbe, Incentives und weitere Neuigkeiten.<\/p>\n\t\t\t\t\t\t\t\t<\/div>\n\t\t\t\t<\/div>\n\t\t\t\t<div class=\"elementor-element elementor-element-db84b21 elementor-widget elementor-widget-image\" data-id=\"db84b21\" data-element_type=\"widget\" data-widget_type=\"image.default\">\n\t\t\t\t<div class=\"elementor-widget-container\">\n\t\t\t\t\t\t\t\t\t\t\t\t\t\t\t<img fetchpriority=\"high\" decoding=\"async\" width=\"1024\" height=\"1014\" src=\"https:\/\/v3.bossaot.com\/wp-content\/uploads\/2024\/07\/student_online_png-1024x1014.png\" class=\"attachment-large size-large wp-image-10420\" alt=\"\" srcset=\"https:\/\/v3.bossaot.com\/wp-content\/uploads\/2024\/07\/student_online_png-1024x1014.png 1024w, https:\/\/v3.bossaot.com\/wp-content\/uploads\/2024\/07\/student_online_png-300x297.png 300w, https:\/\/v3.bossaot.com\/wp-content\/uploads\/2024\/07\/student_online_png-150x150.png 150w, https:\/\/v3.bossaot.com\/wp-content\/uploads\/2024\/07\/student_online_png-768x760.png 768w, https:\/\/v3.bossaot.com\/wp-content\/uploads\/2024\/07\/student_online_png-75x75.png 75w, https:\/\/v3.bossaot.com\/wp-content\/uploads\/2024\/07\/student_online_png-129x129.png 129w, https:\/\/v3.bossaot.com\/wp-content\/uploads\/2024\/07\/student_online_png-122x120.png 122w, https:\/\/v3.bossaot.com\/wp-content\/uploads\/2024\/07\/student_online_png-69x69.png 69w, https:\/\/v3.bossaot.com\/wp-content\/uploads\/2024\/07\/student_online_png-600x594.png 600w, https:\/\/v3.bossaot.com\/wp-content\/uploads\/2024\/07\/student_online_png-100x100.png 100w, https:\/\/v3.bossaot.com\/wp-content\/uploads\/2024\/07\/student_online_png.png 1200w\" sizes=\"(max-width: 1024px) 100vw, 1024px\" \/>\t\t\t\t\t\t\t\t\t\t\t\t\t\t\t<\/div>\n\t\t\t\t<\/div>\n\t\t\t\t\t<\/div>\n\t\t\t\t<\/div>\n\t\t<div class=\"elementor-element elementor-element-55009e2 e-flex e-con-boxed e-con e-parent\" data-id=\"55009e2\" data-element_type=\"container\">\n\t\t\t\t\t<div class=\"e-con-inner\">\n\t\t<div class=\"elementor-element elementor-element-b6adcb9 e-grid e-con-full e-con e-child\" data-id=\"b6adcb9\" data-element_type=\"container\">\n\t\t\t\t<div class=\"elementor-element elementor-element-ad176a6 elementor-widget elementor-widget-icon-box\" data-id=\"ad176a6\" data-element_type=\"widget\" data-widget_type=\"icon-box.default\">\n\t\t\t\t<div class=\"elementor-widget-container\">\n\t\t\t\t\t\t\t<div class=\"elementor-icon-box-wrapper\">\n\n\t\t\t\n\t\t\t\t\t\t<div class=\"elementor-icon-box-content\">\n\n\t\t\t\t\t\t\t\t\t<h3 class=\"elementor-icon-box-title\">\n\t\t\t\t\t\t<span  >\n\t\t\t\t\t\t\tKOSTENLOS NUTZBAR\t\t\t\t\t\t<\/span>\n\t\t\t\t\t<\/h3>\n\t\t\t\t\n\t\t\t\t\t\t\t\t\t<p class=\"elementor-icon-box-description\">\n\t\t\t\t\t\tAlle unsere Kurse sind kostenlos zug\u00e4nglich. Tauche in unsere Ressourcen ein und beginne noch heute deine Reise!\t\t\t\t\t<\/p>\n\t\t\t\t\n\t\t\t<\/div>\n\t\t\t\n\t\t<\/div>\n\t\t\t\t\t\t<\/div>\n\t\t\t\t<\/div>\n\t\t\t\t<div class=\"elementor-element elementor-element-a0e3857 elementor-widget elementor-widget-icon-box\" data-id=\"a0e3857\" data-element_type=\"widget\" data-widget_type=\"icon-box.default\">\n\t\t\t\t<div class=\"elementor-widget-container\">\n\t\t\t\t\t\t\t<div class=\"elementor-icon-box-wrapper\">\n\n\t\t\t\n\t\t\t\t\t\t<div class=\"elementor-icon-box-content\">\n\n\t\t\t\t\t\t\t\t\t<h3 class=\"elementor-icon-box-title\">\n\t\t\t\t\t\t<span  >\n\t\t\t\t\t\t\tINTERAKTIV\t\t\t\t\t\t<\/span>\n\t\t\t\t\t<\/h3>\n\t\t\t\t\n\t\t\t\t\t\t\t\t\t<p class=\"elementor-icon-box-description\">\n\t\t\t\t\t\tWir halten dich stets auf dem Laufenden \u00fcber alle aktuellen Schulungsangebote.\t\t\t\t\t<\/p>\n\t\t\t\t\n\t\t\t<\/div>\n\t\t\t\n\t\t<\/div>\n\t\t\t\t\t\t<\/div>\n\t\t\t\t<\/div>\n\t\t\t\t<div class=\"elementor-element elementor-element-28cae84 elementor-widget elementor-widget-icon-box\" data-id=\"28cae84\" data-element_type=\"widget\" data-widget_type=\"icon-box.default\">\n\t\t\t\t<div class=\"elementor-widget-container\">\n\t\t\t\t\t\t\t<div class=\"elementor-icon-box-wrapper\">\n\n\t\t\t\n\t\t\t\t\t\t<div class=\"elementor-icon-box-content\">\n\n\t\t\t\t\t\t\t\t\t<h3 class=\"elementor-icon-box-title\">\n\t\t\t\t\t\t<span  >\n\t\t\t\t\t\t\tFLEXIBILIT\u00c4T\t\t\t\t\t\t<\/span>\n\t\t\t\t\t<\/h3>\n\t\t\t\t\n\t\t\t\t\t\t\t\t\t<p class=\"elementor-icon-box-description\">\n\t\t\t\t\t\tGreife jederzeit und ohne zeitliche Begrenzung auf die Kurse zu.\t\t\t\t\t<\/p>\n\t\t\t\t\n\t\t\t<\/div>\n\t\t\t\n\t\t<\/div>\n\t\t\t\t\t\t<\/div>\n\t\t\t\t<\/div>\n\t\t\t\t<div class=\"elementor-element elementor-element-aaef544 elementor-widget elementor-widget-icon-box\" data-id=\"aaef544\" data-element_type=\"widget\" data-widget_type=\"icon-box.default\">\n\t\t\t\t<div class=\"elementor-widget-container\">\n\t\t\t\t\t\t\t<div class=\"elementor-icon-box-wrapper\">\n\n\t\t\t\n\t\t\t\t\t\t<div class=\"elementor-icon-box-content\">\n\n\t\t\t\t\t\t\t\t\t<h3 class=\"elementor-icon-box-title\">\n\t\t\t\t\t\t<span  >\n\t\t\t\t\t\t\tDIGITALES ZERTIFIKAT\t\t\t\t\t\t<\/span>\n\t\t\t\t\t<\/h3>\n\t\t\t\t\n\t\t\t\t\t\t\t\t\t<p class=\"elementor-icon-box-description\">\n\t\t\t\t\t\tJedes Trainingsprogramm enth\u00e4lt Pr\u00fcfungen, die von dem jeweiligen Reiseziel\/Reiseprodukt anerkannt sind.\t\t\t\t\t<\/p>\n\t\t\t\t\n\t\t\t<\/div>\n\t\t\t\n\t\t<\/div>\n\t\t\t\t\t\t<\/div>\n\t\t\t\t<\/div>\n\t\t\t\t<\/div>\n\t\t\t\t\t<\/div>\n\t\t\t\t<\/div>\n\t\t<div class=\"elementor-element elementor-element-8061f2e e-flex e-con-boxed e-con e-parent\" data-id=\"8061f2e\" data-element_type=\"container\">\n\t\t\t\t\t<div class=\"e-con-inner\">\n\t\t\t\t<div class=\"elementor-element elementor-element-9665067 elementor-widget elementor-widget-text-editor\" data-id=\"9665067\" data-element_type=\"widget\" data-widget_type=\"text-editor.default\">\n\t\t\t\t<div class=\"elementor-widget-container\">\n\t\t\t\t\t\t\t\t\t<p><strong>Gewinne Preise und Pl\u00e4tze bei Fam Trips<br \/><\/strong>Spannende Gewinnspiele! Gewinne einen Platz bei Fam Trips oder einen der weiteren Preise, die von den einzelnen Schulungsprogrammen angeboten werden.<\/p>\n<p><strong>Herunterladbares Zertifikat zum Nachweis deines Spezialistenstatus<br \/><\/strong>Jedes Schulungsprogramm umfasst Pr\u00fcfungen, die vom jeweiligen Reiseziel\/Reiseprodukt anerkannt sind. Nach erfolgreichem Abschluss des Kurses erh\u00e4ltst du ein herunterladbares und ausdruckbares Zertifikat, das dir den entsprechenden Spezialistenstatus verleiht.<\/p>\n<p><em>BOT \u2013 Bossa Online Training: Genie\u00dfe unsere Online-Kurse und werde ein spezialist auf deinem Gebiet!<\/em><\/p>\n\t\t\t\t\t\t\t\t<\/div>\n\t\t\t\t<\/div>\n\t\t\t\t\t<\/div>\n\t\t\t\t<\/div>\n\t\t<div class=\"elementor-element elementor-element-d0e4cbe e-flex e-con-boxed e-con e-parent\" data-id=\"d0e4cbe\" data-element_type=\"container\">\n\t\t\t\t\t<div class=\"e-con-inner\">\n\t\t\t\t<div class=\"elementor-element elementor-element-6c343c7 elementor-align-center elementor-widget elementor-widget-button\" data-id=\"6c343c7\" data-element_type=\"widget\" data-widget_type=\"button.default\">\n\t\t\t\t<div class=\"elementor-widget-container\">\n\t\t\t\t\t\t\t\t\t<div class=\"elementor-button-wrapper icon_align_  \">\n\t\t\t\t\t<a class=\"elementor-button elementor-button-link elementor-size-sm\" href=\"https:\/\/v3.bossaot.com\/de\/registrieren\/\">\n\t\t\t\t\t\t<span class=\"elementor-button-content-wrapper\">\n\t\t\t\t\t\t\t\t\t<span class=\"elementor-button-text\">REGISTRIEREN SIE SICH JETZT<\/span>\n\t\t\t\t\t<\/span>\n\t\t\t\t\t<\/a>\n\t\t\t\t<\/div>\n\t\t\t\t\t\t\t\t<\/div>\n\t\t\t\t<\/div>\n\t\t\t\t\t<\/div>\n\t\t\t\t<\/div>\n\t\t\t\t<\/div>\n\t\t","protected":false},"excerpt":{"rendered":"<p>BOT \u2013 Bossa Online Training bietet Fachkr\u00e4ften der Reisebranche die M\u00f6glichkeit, mehr \u00fcber Reiseziele und touristische Produkte zu erfahren. Durch unsere Online-Kurse k\u00f6nnen Reiseprofis ihr Wissen erweitern und sich in ihrem Fachgebiet spezialisieren. Nach der Registrierung bei BOT \u2013 Bossa Online Training erhalten Sie sofortigen Zugriff auf alle unsere Schulungskurse. Unser System erm\u00f6glicht einen einfachen [&hellip;]<\/p>\n","protected":false},"author":1,"featured_media":10402,"parent":0,"menu_order":0,"comment_status":"closed","ping_status":"closed","template":"","meta":{"_acf_changed":false,"footnotes":""},"class_list":["post-10407","page","type-page","status-publish","has-post-thumbnail","hentry"],"acf":[],"_links":{"self":[{"href":"https:\/\/v3.bossaot.com\/de\/wp-json\/wp\/v2\/pages\/10407","targetHints":{"allow":["GET"]}}],"collection":[{"href":"https:\/\/v3.bossaot.com\/de\/wp-json\/wp\/v2\/pages"}],"about":[{"href":"https:\/\/v3.bossaot.com\/de\/wp-json\/wp\/v2\/types\/page"}],"author":[{"embeddable":true,"href":"https:\/\/v3.bossaot.com\/de\/wp-json\/wp\/v2\/users\/1"}],"replies":[{"embeddable":true,"href":"https:\/\/v3.bossaot.com\/de\/wp-json\/wp\/v2\/comments?post=10407"}],"version-history":[{"count":14,"href":"https:\/\/v3.bossaot.com\/de\/wp-json\/wp\/v2\/pages\/10407\/revisions"}],"predecessor-version":[{"id":16258,"href":"https:\/\/v3.bossaot.com\/de\/wp-json\/wp\/v2\/pages\/10407\/revisions\/16258"}],"wp:featuredmedia":[{"embeddable":true,"href":"https:\/\/v3.bossaot.com\/de\/wp-json\/wp\/v2\/media\/10402"}],"wp:attachment":[{"href":"https:\/\/v3.bossaot.com\/de\/wp-json\/wp\/v2\/media?parent=10407"}],"curies":[{"name":"wp","href":"https:\/\/api.w.org\/{rel}","templated":true}]}}