{"id":13137,"date":"2025-05-07T15:14:52","date_gmt":"2025-05-07T14:14:52","guid":{"rendered":"https:\/\/v3.bossaot.com\/?page_id=13137"},"modified":"2025-05-07T15:25:00","modified_gmt":"2025-05-07T14:25:00","slug":"nutzungsbedingungen","status":"publish","type":"page","link":"https:\/\/v3.bossaot.com\/de\/nutzungsbedingungen\/","title":{"rendered":"Nutzungsbedingungen"},"content":{"rendered":"<p>Durch den Zugriff auf die Website von <strong>Bossa Online Training<\/strong> erkl\u00e4ren Sie sich mit diesen Nutzungsbedingungen,<br \/>\nallen geltenden Gesetzen und Vorschriften einverstanden und sind verantwortlich f\u00fcr die Einhaltung lokaler Gesetze.<br \/>\nWenn Sie mit einer dieser Bedingungen nicht einverstanden sind, ist es Ihnen untersagt, diese Website zu nutzen oder darauf zuzugreifen.<br \/>\nDie Inhalte dieser Website sind durch Urheber- und Markenrechte gesch\u00fctzt.<\/p>\n<h3>Nutzungslizenz<\/h3>\n<p>Es wird die Erlaubnis erteilt, vor\u00fcbergehend eine Kopie der Materialien (Informationen oder Software) auf der Website von<br \/>\n<strong>Bossa Online Training<\/strong> nur f\u00fcr den pers\u00f6nlichen, nicht kommerziellen und vor\u00fcbergehenden Gebrauch herunterzuladen.<br \/>\nDies ist eine Lizenzvergabe, kein Eigentums\u00fcbertrag, und unter dieser Lizenz d\u00fcrfen Sie nicht:<\/p>\n<ul>\n<li>die Materialien ver\u00e4ndern oder kopieren;<\/li>\n<li>die Materialien f\u00fcr kommerzielle Zwecke oder \u00f6ffentliche Darstellungen (kommerziell oder nicht kommerziell) verwenden;<\/li>\n<li>versuchen, jegliche Software auf der Website von Bossa Online Training zu dekompilieren oder zur\u00fcckzuentwickeln;<\/li>\n<li>Urheberrechtsvermerke oder andere Eigentumshinweise aus den Materialien entfernen; oder<\/li>\n<li>die Materialien an eine andere Person \u00fcbertragen oder auf einem anderen Server spiegeln.<\/li>\n<\/ul>\n<p>Diese Lizenz endet automatisch, wenn Sie gegen eine dieser Einschr\u00e4nkungen versto\u00dfen, und kann jederzeit von<br \/>\n<strong>Bossa Online Training<\/strong> gek\u00fcndigt werden. Nach Beendigung dieser Lizenz m\u00fcssen Sie alle heruntergeladenen Materialien<br \/>\nin Ihrem Besitz vernichten, sei es in elektronischer oder gedruckter Form.<\/p>\n<h3>Haftungsausschluss<\/h3>\n<p>Die Materialien auf der Website von <strong>Bossa Online Training<\/strong> werden &#8222;wie besehen&#8220; bereitgestellt.<br \/>\nBossa Online Training gibt keine ausdr\u00fccklichen oder stillschweigenden Garantien ab und lehnt alle anderen Garantien ab,<br \/>\neinschlie\u00dflich, aber nicht beschr\u00e4nkt auf, stillschweigende Garantien der Marktg\u00e4ngigkeit, Eignung f\u00fcr einen bestimmten Zweck oder Nichtverletzung von Rechten.<\/p>\n<p>Dar\u00fcber hinaus \u00fcbernimmt Bossa Online Training keine Garantie f\u00fcr die Genauigkeit, wahrscheinliche Ergebnisse oder Zuverl\u00e4ssigkeit<br \/>\nder Verwendung der Materialien auf ihrer Website oder in Bezug auf solche Materialien oder auf verlinkte Seiten.<\/p>\n<h3>Beschr\u00e4nkungen<\/h3>\n<p>In keinem Fall haften <strong>Bossa Online Training<\/strong> oder ihre Lieferanten f\u00fcr Sch\u00e4den (einschlie\u00dflich,<br \/>\naber nicht beschr\u00e4nkt auf Daten- oder Gewinnausf\u00e4lle oder Betriebsunterbrechungen), die sich aus der Nutzung oder Unm\u00f6glichkeit<br \/>\nder Nutzung der Materialien ergeben, selbst wenn Bossa Online Training oder ein autorisierter Vertreter auf die M\u00f6glichkeit solcher Sch\u00e4den hingewiesen wurde.<\/p>\n<h3>Genauigkeit der Materialien<\/h3>\n<p>Die Materialien auf der Website von <strong>Bossa Online Training<\/strong> k\u00f6nnen technische, typografische oder fotografische Fehler enthalten.<br \/>\nEs wird keine Gew\u00e4hr f\u00fcr die Genauigkeit, Vollst\u00e4ndigkeit oder Aktualit\u00e4t der Inhalte \u00fcbernommen.<br \/>\n\u00c4nderungen k\u00f6nnen jederzeit ohne Vorank\u00fcndigung vorgenommen werden. Es besteht keine Verpflichtung zur Aktualisierung.<\/p>\n<h3>Links<\/h3>\n<p>Bossa Online Training hat nicht alle verlinkten Websites \u00fcberpr\u00fcft und ist nicht verantwortlich f\u00fcr deren Inhalte.<br \/>\nDie Aufnahme eines Links bedeutet keine Billigung durch Bossa Online Training. Die Nutzung solcher verlinkten Websites erfolgt auf eigenes Risiko.<\/p>\n<h3>\u00c4nderungen<\/h3>\n<p>Bossa Online Training kann diese Nutzungsbedingungen jederzeit ohne Vorank\u00fcndigung \u00fcberarbeiten.<br \/>\nDurch die Nutzung dieser Website erkl\u00e4ren Sie sich mit der jeweils aktuellen Version der Nutzungsbedingungen einverstanden.<\/p>\n<h3>Anwendbares Recht<\/h3>\n<p>Diese Bedingungen unterliegen dem Recht von <strong>Bossa Online Training<\/strong> und Sie unterwerfen sich der ausschlie\u00dflichen Zust\u00e4ndigkeit der Gerichte in diesem Staat oder Ort.<\/p>\n","protected":false},"excerpt":{"rendered":"<p>Durch den Zugriff auf die Website von Bossa Online Training erkl\u00e4ren Sie sich mit diesen Nutzungsbedingungen, allen geltenden Gesetzen und Vorschriften einverstanden und sind verantwortlich f\u00fcr die Einhaltung lokaler Gesetze. Wenn Sie mit einer dieser Bedingungen nicht einverstanden sind, ist es Ihnen untersagt, diese Website zu nutzen oder darauf zuzugreifen. Die Inhalte dieser Website sind [&hellip;]<\/p>\n","protected":false},"author":1,"featured_media":13125,"parent":0,"menu_order":0,"comment_status":"closed","ping_status":"closed","template":"","meta":{"_acf_changed":false,"footnotes":""},"class_list":["post-13137","page","type-page","status-publish","has-post-thumbnail","hentry"],"acf":[],"_links":{"self":[{"href":"https:\/\/v3.bossaot.com\/de\/wp-json\/wp\/v2\/pages\/13137","targetHints":{"allow":["GET"]}}],"collection":[{"href":"https:\/\/v3.bossaot.com\/de\/wp-json\/wp\/v2\/pages"}],"about":[{"href":"https:\/\/v3.bossaot.com\/de\/wp-json\/wp\/v2\/types\/page"}],"author":[{"embeddable":true,"href":"https:\/\/v3.bossaot.com\/de\/wp-json\/wp\/v2\/users\/1"}],"replies":[{"embeddable":true,"href":"https:\/\/v3.bossaot.com\/de\/wp-json\/wp\/v2\/comments?post=13137"}],"version-history":[{"count":1,"href":"https:\/\/v3.bossaot.com\/de\/wp-json\/wp\/v2\/pages\/13137\/revisions"}],"predecessor-version":[{"id":13138,"href":"https:\/\/v3.bossaot.com\/de\/wp-json\/wp\/v2\/pages\/13137\/revisions\/13138"}],"wp:featuredmedia":[{"embeddable":true,"href":"https:\/\/v3.bossaot.com\/de\/wp-json\/wp\/v2\/media\/13125"}],"wp:attachment":[{"href":"https:\/\/v3.bossaot.com\/de\/wp-json\/wp\/v2\/media?parent=13137"}],"curies":[{"name":"wp","href":"https:\/\/api.w.org\/{rel}","templated":true}]}}