{"id":11936,"date":"2025-02-05T13:41:50","date_gmt":"2025-02-05T13:41:50","guid":{"rendered":"https:\/\/v3.bossaot.com\/?page_id=11936"},"modified":"2025-02-06T11:04:16","modified_gmt":"2025-02-06T11:04:16","slug":"lista-de-cursos","status":"publish","type":"page","link":"https:\/\/v3.bossaot.com\/es\/lista-de-cursos\/","title":{"rendered":"Cursos"},"content":{"rendered":"\t\t<div data-elementor-type=\"wp-page\" data-elementor-id=\"11936\" class=\"elementor elementor-11936 elementor-11843\" data-elementor-post-type=\"page\">\n\t\t\t\t<div class=\"elementor-element elementor-element-15cc6c4 e-flex e-con-boxed e-con e-parent\" data-id=\"15cc6c4\" data-element_type=\"container\">\n\t\t\t\t\t<div class=\"e-con-inner\">\n\t\t\t\t<div class=\"elementor-element elementor-element-c5aeb93 elementor-widget elementor-widget-ms_lms_courses\" data-id=\"c5aeb93\" data-element_type=\"widget\" data-settings=\"{&quot;course_card_presets&quot;:&quot;card-style-4&quot;,&quot;cards_to_show&quot;:20,&quot;cards_to_show_choice_featured&quot;:&quot;all&quot;,&quot;card_slot_1&quot;:&quot;lectures&quot;,&quot;status_presets&quot;:&quot;status_style_2&quot;,&quot;type&quot;:&quot;courses-archive&quot;,&quot;opened_filters&quot;:3,&quot;pagination_presets&quot;:&quot;pagination-style-1&quot;,&quot;slides_to_scroll&quot;:&quot;25%&quot;,&quot;slides_to_scroll_tablet&quot;:&quot;33.333333%&quot;,&quot;slides_to_scroll_mobile&quot;:&quot;100%&quot;,&quot;loop&quot;:&quot;true&quot;,&quot;cards_to_show_choice&quot;:&quot;number&quot;,&quot;show_featured_block&quot;:&quot;yes&quot;,&quot;sort_by&quot;:&quot;date_high&quot;,&quot;show_category&quot;:&quot;yes&quot;,&quot;show_progress&quot;:&quot;yes&quot;,&quot;show_excerpt&quot;:&quot;yes&quot;,&quot;show_price&quot;:&quot;yes&quot;,&quot;show_slots&quot;:&quot;yes&quot;,&quot;card_slot_2&quot;:&quot;views&quot;,&quot;show_wishlist&quot;:&quot;yes&quot;,&quot;featured_position&quot;:&quot;left&quot;,&quot;status_position&quot;:&quot;right&quot;,&quot;show_instructor_label&quot;:&quot;yes&quot;,&quot;show_instructor_position&quot;:&quot;yes&quot;,&quot;show_instructor_bio&quot;:&quot;yes&quot;,&quot;course_image_size&quot;:{&quot;width&quot;:&quot;&quot;,&quot;height&quot;:&quot;&quot;}}\" data-widget_type=\"ms_lms_courses.default\">\n\t\t\t\t<div class=\"elementor-widget-container\">\n\t\t\t\t\t<div class=\"ms_lms_courses_archive\">\n\t\t\t<div class=\"ms_lms_courses_archive__title style_1\">\n\t\t\t<h2>\n\t\t\t\t\t\t\t<\/h2>\n\t\t\t<ul class=\"ms_lms_courses_archive__sorting style_1\">\n\t\t\t<li>\n\t\t\t<span data-id=\"date_high\" class=\"ms_lms_courses_archive__sorting_button active\">\n\t\t\t\tM\u00e1s reciente\t\t\t<\/span>\n\t\t<\/li>\n\t\t\t<li>\n\t\t\t<span data-id=\"date_low\" class=\"ms_lms_courses_archive__sorting_button \">\n\t\t\t\tM\u00e1s antiguo\t\t\t<\/span>\n\t\t<\/li>\n\t\t\t<li>\n\t\t\t<span data-id=\"popular\" class=\"ms_lms_courses_archive__sorting_button \">\n\t\t\t\tM\u00e1s visto\t\t\t<\/span>\n\t\t<\/li>\n\t<\/ul>\n\t\t<\/div>\n\t\t<div class=\"ms_lms_courses_archive__content filter_left title_style_1\">\n\t\t<div class=\"ms_lms_courses_archive__filter\">\n\t<a href=\"#\" class=\"ms_lms_courses_archive__filter_toggle\">\n\t\tFiltros\t<\/a>\n\t<form class=\"ms_lms_courses_archive__filter_form\" method=\"post\">\n\t\t<div class=\"ms_lms_courses_archive__filter_options\">\n\t\t\t<div class=\"ms_lms_courses_archive__filter_options_item\">\n\t<div class=\"ms_lms_courses_archive__filter_options_item_title\">\n\t\t<h3>Categor\u00eda<\/h3>\n\t\t<div class=\"ms_lms_courses_archive__filter_options_item_title_toggler\"><\/div>\n\t<\/div>\n\t<div class=\"ms_lms_courses_archive__filter_options_item_content\">\n\t\t\t\t\t<div class=\"ms_lms_courses_archive__filter_options_item_category\">\n\t\t\t\t<label class=\"ms_lms_courses_archive__filter_options_item_checkbox\">\n\t\t\t\t\t<span class=\"ms_lms_courses_archive__filter_options_item_checkbox_inner\">\n\t\t\t\t\t\t<input type=\"checkbox\" value=\"218\"  name=\"category[]\"\/>\n\t\t\t\t\t\t<span><i class=\"stmlms-check-3\"><\/i><\/span>\n\t\t\t\t\t<\/span>\n\t\t\t\t\t<span class=\"ms_lms_courses_archive__filter_options_item_checkbox_label\">Am\u00e9rica del Sur<\/span>\n\t\t\t\t<\/label>\n\t\t\t<\/div>\n\t\t\t\t\t<div class=\"ms_lms_courses_archive__filter_options_item_category\">\n\t\t\t\t<label class=\"ms_lms_courses_archive__filter_options_item_checkbox\">\n\t\t\t\t\t<span class=\"ms_lms_courses_archive__filter_options_item_checkbox_inner\">\n\t\t\t\t\t\t<input type=\"checkbox\" value=\"210\"  name=\"category[]\"\/>\n\t\t\t\t\t\t<span><i class=\"stmlms-check-3\"><\/i><\/span>\n\t\t\t\t\t<\/span>\n\t\t\t\t\t<span class=\"ms_lms_courses_archive__filter_options_item_checkbox_label\">\u00a0Brasil<\/span>\n\t\t\t\t<\/label>\n\t\t\t<\/div>\n\t\t\t<\/div>\n<\/div>\n<div class=\"ms_lms_courses_archive__filter_options_item\">\n\t<div class=\"ms_lms_courses_archive__filter_options_item_title\">\n\t\t<h3>Estado<\/h3>\n\t\t<div class=\"ms_lms_courses_archive__filter_options_item_title_toggler\"><\/div>\n\t<\/div>\n\t<div class=\"ms_lms_courses_archive__filter_options_item_content\">\n\t\t\t\t\t<div class=\"ms_lms_courses_archive__filter_options_item_category\">\n\t\t\t\t<label class=\"ms_lms_courses_archive__filter_options_item_checkbox\">\n\t\t\t\t\t<span class=\"ms_lms_courses_archive__filter_options_item_checkbox_inner\">\n\t\t\t\t\t\t<input type=\"checkbox\" value=\"hot\"  name=\"status[]\"\/>\n\t\t\t\t\t\t<span><i class=\"stmlms-check-3\"><\/i><\/span>\n\t\t\t\t\t<\/span>\n\t\t\t\t\t<span class=\"ms_lms_courses_archive__filter_options_item_checkbox_label\">Destacado<\/span>\n\t\t\t\t<\/label>\n\t\t\t<\/div>\n\t\t\t\t\t<div class=\"ms_lms_courses_archive__filter_options_item_category\">\n\t\t\t\t<label class=\"ms_lms_courses_archive__filter_options_item_checkbox\">\n\t\t\t\t\t<span class=\"ms_lms_courses_archive__filter_options_item_checkbox_inner\">\n\t\t\t\t\t\t<input type=\"checkbox\" value=\"new\"  name=\"status[]\"\/>\n\t\t\t\t\t\t<span><i class=\"stmlms-check-3\"><\/i><\/span>\n\t\t\t\t\t<\/span>\n\t\t\t\t\t<span class=\"ms_lms_courses_archive__filter_options_item_checkbox_label\">Nuevo<\/span>\n\t\t\t\t<\/label>\n\t\t\t<\/div>\n\t\t\t\t\t<div class=\"ms_lms_courses_archive__filter_options_item_category\">\n\t\t\t\t<label class=\"ms_lms_courses_archive__filter_options_item_checkbox\">\n\t\t\t\t\t<span class=\"ms_lms_courses_archive__filter_options_item_checkbox_inner\">\n\t\t\t\t\t\t<input type=\"checkbox\" value=\"special\"  name=\"status[]\"\/>\n\t\t\t\t\t\t<span><i class=\"stmlms-check-3\"><\/i><\/span>\n\t\t\t\t\t<\/span>\n\t\t\t\t\t<span class=\"ms_lms_courses_archive__filter_options_item_checkbox_label\">Especial<\/span>\n\t\t\t\t<\/label>\n\t\t\t<\/div>\n\t\t\t<\/div>\n<\/div>\n\t\t<\/div>\n\t\t<div class=\"ms_lms_courses_archive__filter_actions\">\n\t\t\t<input type=\"submit\" value=\"Mostrar los resultados\" class=\"ms_lms_courses_archive__filter_actions_button\">\n\t\t\t<a href=\"#\" class=\"ms_lms_courses_archive__filter_actions_reset\">\n\t\t\t\t<i class=\"stmlms-undo2\"><\/i>\n\t\t\t\t<span>Restablecer Todo<\/span>\n\t\t\t<\/a>\n\t\t<\/div>\n\t<\/form>\n<\/div>\n\t\t<div class=\"ms_lms_courses_card_wrapper\">\n\t\t\t\t\t\t\t<div class=\"ms_lms_courses_card featured card-style-4\">\n\t\t\t\t\t\t<div class=\"ms_lms_courses_card_item  \">\n\t\t<div class=\"ms_lms_courses_card_item_wrapper\">\n\t\t\t\t\t\t\t<div class=\"ms_lms_courses_card_item_featured left\">\n\t\t\t\t\t<span>Destacado<\/span>\n\t\t\t\t<\/div>\n\t\t\t\t\t\t\t<img decoding=\"async\" src=\"https:\/\/v3.bossaot.com\/wp-content\/uploads\/2025\/03\/featured_rio_de_janeiro_football_beach_sun-540x700.jpeg\" class=\"ms_lms_courses_card_item_image\">\n\t\t\t<div class=\"ms_lms_courses_card_item_info\">\n\t\t\t\t\t\t\t\t\t<span class=\"ms_lms_courses_card_item_info_category\">\n\t\t\t\t\t\t<a href=\"https:\/\/v3.bossaot.com\/c\/?terms%5B%5D=210&#038;category%5B%5D=210\">\n\t\t\t\t\t\t\t\u00a0Brasil\t\t\t\t\t\t<\/a>\n\t\t\t\t\t<\/span>\n\t\t\t\t\t\t\t\t\t<a href=\"https:\/\/v3.bossaot.com\/es\/c\/rio-de-janeiro-es\/\" class=\"ms_lms_courses_card_item_info_title\">\n\t\t\t\t\t\t<h3>Rio de Janeiro<\/h3>\n\t\t\t\t\t<\/a>\n\t\t\t\t\n<div class=\"ms_lms_courses_card_item_info_price\">\n\t\t\t<div class=\"ms_lms_courses_card_item_info_price_single\">\n\t\t\t<span>Gratis<\/span>\n\t\t<\/div>\n\t<\/div>\n\t\t\t\t<div class=\"ms_lms_courses_card_item_info_wrapper\">\n\t\t\t\t\t\t\t\t\t\t\t<div class=\"ms_lms_courses_card_item_info_excerpt\">\n\t\t\t\t\t\t\t\u00a1Bienvenido al curso online de Rio de Janeiro, cierra los ojos y prep\u00e1rate para un viaje inc...\t\t\t\t\t\t<\/div>\n\t\t\t\t\t\t\t\t\t\t\t\t<div class=\"ms_lms_courses_card_item_info_rating_wrapper\">\n\t\t\t\t\t\t\t\t\t\t\t\t\t\t\t<div class=\"ms_lms_courses_card_item_info_wishlist\">\n\t\t\t\t\t\t\t\t\t\t<div class=\"stm-lms-wishlist\">\n\t\t<a href=\"https:\/\/v3.bossaot.com\/p\/\">\n\t\t\t<i class=\"stmlms-heart-3\"><\/i>\n\t\t\t<span>A\u00f1adir a la lista de deseos<\/span>\n\t\t<\/a>\n\t<\/div>\n\t\t\t\t\t\t\t\t\t<\/div>\n\t\t\t\t\t\t\t\t\t\t\t\t\t<\/div>\n\t\t\t\t\t\t\t\t\t\t\t\t<div class=\"ms_lms_courses_card_item_info_meta\">\n\t\t\t\t\t\t\t<div class=\"ms_lms_courses_card_item_meta_block\">\n\t<i class=\"stmlms-cats\"><\/i>\n<span>\n\t19 Conferencias<\/span>\n<\/div>\n\t\t\t\t\t\t\t\t<span class=\"ms_lms_courses_card_item_info_meta_divider\"><\/span>\n\t\t\t\t\t\t\t\t<div class=\"ms_lms_courses_card_item_meta_block\">\n\t<i class=\"stmlms-views\"><\/i>\n<span>0<\/span>\n<\/div>\n\t\t\t\t\t\t<\/div>\n\t\t\t\t\t\t\t\t\t\t<\/div>\n\t\t\t<\/div>\n\t\t<\/div>\n\t<\/div>\n\t\t\t\t\t<\/div>\n\t\t\t\t\t\t<div class=\"ms_lms_courses_card card-style-4\">\n\t\t\t\t\t<div class=\"ms_lms_courses_card_item  \">\n\t\t<div class=\"ms_lms_courses_card_item_wrapper\">\n\t\t\t\t\t\t<img decoding=\"async\" src=\"https:\/\/v3.bossaot.com\/wp-content\/uploads\/2025\/06\/oC_en-vbz-21_1616863421-540x700.jpg\" class=\"ms_lms_courses_card_item_image\">\n\t\t\t<div class=\"ms_lms_courses_card_item_info\">\n\t\t\t\t\t\t\t\t\t<span class=\"ms_lms_courses_card_item_info_category\">\n\t\t\t\t\t\t<a href=\"https:\/\/v3.bossaot.com\/c\/?terms%5B%5D=210&#038;category%5B%5D=210\">\n\t\t\t\t\t\t\t\u00a0Brasil\t\t\t\t\t\t<\/a>\n\t\t\t\t\t<\/span>\n\t\t\t\t\t\t\t\t\t<a href=\"https:\/\/v3.bossaot.com\/es\/c\/brasil\/\" class=\"ms_lms_courses_card_item_info_title\">\n\t\t\t\t\t\t<h3>Introducci\u00f3n a Brasil<\/h3>\n\t\t\t\t\t<\/a>\n\t\t\t\t\n<div class=\"ms_lms_courses_card_item_info_price\">\n\t\t\t<div class=\"ms_lms_courses_card_item_info_price_single\">\n\t\t\t<span>Gratis<\/span>\n\t\t<\/div>\n\t<\/div>\n\t\t\t\t<div class=\"ms_lms_courses_card_item_info_wrapper\">\n\t\t\t\t\t\t\t\t\t\t\t<div class=\"ms_lms_courses_card_item_info_excerpt\">\n\t\t\t\t\t\t\tLas informaciones que encontrar\u00e1 fueron dise\u00f1adas para brindar una descripci\u00f3n general de Br...\t\t\t\t\t\t<\/div>\n\t\t\t\t\t\t\t\t\t\t\t\t<div class=\"ms_lms_courses_card_item_info_rating_wrapper\">\n\t\t\t\t\t\t\t\t\t\t\t\t\t\t\t<div class=\"ms_lms_courses_card_item_info_wishlist\">\n\t\t\t\t\t\t\t\t\t\t<div class=\"stm-lms-wishlist\">\n\t\t<a href=\"https:\/\/v3.bossaot.com\/p\/\">\n\t\t\t<i class=\"stmlms-heart-3\"><\/i>\n\t\t\t<span>A\u00f1adir a la lista de deseos<\/span>\n\t\t<\/a>\n\t<\/div>\n\t\t\t\t\t\t\t\t\t<\/div>\n\t\t\t\t\t\t\t\t\t\t\t\t\t<\/div>\n\t\t\t\t\t\t\t\t\t\t\t\t<div class=\"ms_lms_courses_card_item_info_meta\">\n\t\t\t\t\t\t\t<div class=\"ms_lms_courses_card_item_meta_block\">\n\t<i class=\"stmlms-cats\"><\/i>\n<span>\n\t22 Conferencias<\/span>\n<\/div>\n\t\t\t\t\t\t\t\t<span class=\"ms_lms_courses_card_item_info_meta_divider\"><\/span>\n\t\t\t\t\t\t\t\t<div class=\"ms_lms_courses_card_item_meta_block\">\n\t<i class=\"stmlms-views\"><\/i>\n<span>0<\/span>\n<\/div>\n\t\t\t\t\t\t<\/div>\n\t\t\t\t\t\t\t\t\t\t<\/div>\n\t\t\t<\/div>\n\t\t<\/div>\n\t<\/div>\n\t\t<div class=\"ms_lms_courses_card_item  \">\n\t\t<div class=\"ms_lms_courses_card_item_wrapper\">\n\t\t\t\t\t\t<img decoding=\"async\" src=\"https:\/\/v3.bossaot.com\/wp-content\/uploads\/2025\/06\/oC_sa-en-vsata-21_1615412759-540x700.jpg\" class=\"ms_lms_courses_card_item_image\">\n\t\t\t<div class=\"ms_lms_courses_card_item_info\">\n\t\t\t\t\t\t\t\t\t<span class=\"ms_lms_courses_card_item_info_category\">\n\t\t\t\t\t\t<a href=\"https:\/\/v3.bossaot.com\/c\/?terms%5B%5D=218&#038;category%5B%5D=218\">\n\t\t\t\t\t\t\tAm\u00e9rica del Sur\t\t\t\t\t\t<\/a>\n\t\t\t\t\t<\/span>\n\t\t\t\t\t\t\t\t\t<a href=\"https:\/\/v3.bossaot.com\/es\/c\/america-del-sur\/\" class=\"ms_lms_courses_card_item_info_title\">\n\t\t\t\t\t\t<h3>Am\u00e9rica del Sur by VSATA<\/h3>\n\t\t\t\t\t<\/a>\n\t\t\t\t\n<div class=\"ms_lms_courses_card_item_info_price\">\n\t\t\t<div class=\"ms_lms_courses_card_item_info_price_single\">\n\t\t\t<span>Gratis<\/span>\n\t\t<\/div>\n\t<\/div>\n\t\t\t\t<div class=\"ms_lms_courses_card_item_info_wrapper\">\n\t\t\t\t\t\t\t\t\t\t\t<div class=\"ms_lms_courses_card_item_info_excerpt\">\n\t\t\t\t\t\t\tHogar de una diversidad sin precedentes, Am\u00e9rica del Sur es un gran crisol de culturas.\u00a0Los ...\t\t\t\t\t\t<\/div>\n\t\t\t\t\t\t\t\t\t\t\t\t<div class=\"ms_lms_courses_card_item_info_rating_wrapper\">\n\t\t\t\t\t\t\t\t\t\t\t\t\t\t\t<div class=\"ms_lms_courses_card_item_info_wishlist\">\n\t\t\t\t\t\t\t\t\t\t<div class=\"stm-lms-wishlist\">\n\t\t<a href=\"https:\/\/v3.bossaot.com\/p\/\">\n\t\t\t<i class=\"stmlms-heart-3\"><\/i>\n\t\t\t<span>A\u00f1adir a la lista de deseos<\/span>\n\t\t<\/a>\n\t<\/div>\n\t\t\t\t\t\t\t\t\t<\/div>\n\t\t\t\t\t\t\t\t\t\t\t\t\t<\/div>\n\t\t\t\t\t\t\t\t\t\t\t\t<div class=\"ms_lms_courses_card_item_info_meta\">\n\t\t\t\t\t\t\t<div class=\"ms_lms_courses_card_item_meta_block\">\n\t<i class=\"stmlms-cats\"><\/i>\n<span>\n\t19 Conferencias<\/span>\n<\/div>\n\t\t\t\t\t\t\t\t<span class=\"ms_lms_courses_card_item_info_meta_divider\"><\/span>\n\t\t\t\t\t\t\t\t<div class=\"ms_lms_courses_card_item_meta_block\">\n\t<i class=\"stmlms-views\"><\/i>\n<span><\/span>\n<\/div>\n\t\t\t\t\t\t<\/div>\n\t\t\t\t\t\t\t\t\t\t<\/div>\n\t\t\t<\/div>\n\t\t<\/div>\n\t<\/div>\n\t\t<div class=\"ms_lms_courses_card_item  \">\n\t\t<div class=\"ms_lms_courses_card_item_wrapper\">\n\t\t\t\t\t\t<img decoding=\"async\" src=\"https:\/\/v3.bossaot.com\/wp-content\/uploads\/2025\/06\/pernambuco-540x700.jpeg\" class=\"ms_lms_courses_card_item_image\">\n\t\t\t<div class=\"ms_lms_courses_card_item_info\">\n\t\t\t\t\t\t\t\t\t<span class=\"ms_lms_courses_card_item_info_category\">\n\t\t\t\t\t\t<a href=\"https:\/\/v3.bossaot.com\/c\/?terms%5B%5D=210&#038;category%5B%5D=210\">\n\t\t\t\t\t\t\t\u00a0Brasil\t\t\t\t\t\t<\/a>\n\t\t\t\t\t<\/span>\n\t\t\t\t\t\t\t\t\t<a href=\"https:\/\/v3.bossaot.com\/es\/c\/pernambuco\/\" class=\"ms_lms_courses_card_item_info_title\">\n\t\t\t\t\t\t<h3>Pernambuco<\/h3>\n\t\t\t\t\t<\/a>\n\t\t\t\t\n<div class=\"ms_lms_courses_card_item_info_price\">\n\t\t\t<div class=\"ms_lms_courses_card_item_info_price_single\">\n\t\t\t<span>Gratis<\/span>\n\t\t<\/div>\n\t<\/div>\n\t\t\t\t<div class=\"ms_lms_courses_card_item_info_wrapper\">\n\t\t\t\t\t\t\t\t\t\t\t<div class=\"ms_lms_courses_card_item_info_excerpt\">\n\t\t\t\t\t\t\tEn las pr\u00f3ximas p\u00e1ginas cubriremos los temas m\u00e1s importantes que caracterizan y explican el ...\t\t\t\t\t\t<\/div>\n\t\t\t\t\t\t\t\t\t\t\t\t<div class=\"ms_lms_courses_card_item_info_rating_wrapper\">\n\t\t\t\t\t\t\t\t\t\t\t\t\t\t\t<div class=\"ms_lms_courses_card_item_info_wishlist\">\n\t\t\t\t\t\t\t\t\t\t<div class=\"stm-lms-wishlist\">\n\t\t<a href=\"https:\/\/v3.bossaot.com\/p\/\">\n\t\t\t<i class=\"stmlms-heart-3\"><\/i>\n\t\t\t<span>A\u00f1adir a la lista de deseos<\/span>\n\t\t<\/a>\n\t<\/div>\n\t\t\t\t\t\t\t\t\t<\/div>\n\t\t\t\t\t\t\t\t\t\t\t\t\t<\/div>\n\t\t\t\t\t\t\t\t\t\t\t\t<div class=\"ms_lms_courses_card_item_info_meta\">\n\t\t\t\t\t\t\t<div class=\"ms_lms_courses_card_item_meta_block\">\n\t<i class=\"stmlms-cats\"><\/i>\n<span>\n\t22 Conferencias<\/span>\n<\/div>\n\t\t\t\t\t\t\t\t<span class=\"ms_lms_courses_card_item_info_meta_divider\"><\/span>\n\t\t\t\t\t\t\t\t<div class=\"ms_lms_courses_card_item_meta_block\">\n\t<i class=\"stmlms-views\"><\/i>\n<span>0<\/span>\n<\/div>\n\t\t\t\t\t\t<\/div>\n\t\t\t\t\t\t\t\t\t\t<\/div>\n\t\t\t<\/div>\n\t\t<\/div>\n\t<\/div>\n\t\t<div class=\"ms_lms_courses_card_item  \">\n\t\t<div class=\"ms_lms_courses_card_item_wrapper\">\n\t\t\t\t\t\t<img decoding=\"async\" src=\"https:\/\/v3.bossaot.com\/wp-content\/uploads\/2024\/07\/minas_gerais_photo_ane_souza-540x700.jpeg\" class=\"ms_lms_courses_card_item_image\">\n\t\t\t<div class=\"ms_lms_courses_card_item_info\">\n\t\t\t\t\t\t\t\t\t<span class=\"ms_lms_courses_card_item_info_category\">\n\t\t\t\t\t\t<a href=\"https:\/\/v3.bossaot.com\/c\/?terms%5B%5D=210&#038;category%5B%5D=210\">\n\t\t\t\t\t\t\t\u00a0Brasil\t\t\t\t\t\t<\/a>\n\t\t\t\t\t<\/span>\n\t\t\t\t\t\t\t\t\t<a href=\"https:\/\/v3.bossaot.com\/es\/c\/minas-gerais\/\" class=\"ms_lms_courses_card_item_info_title\">\n\t\t\t\t\t\t<h3>Minas Gerais<\/h3>\n\t\t\t\t\t<\/a>\n\t\t\t\t\n<div class=\"ms_lms_courses_card_item_info_price\">\n\t\t\t<div class=\"ms_lms_courses_card_item_info_price_single\">\n\t\t\t<span>Gratis<\/span>\n\t\t<\/div>\n\t<\/div>\n\t\t\t\t<div class=\"ms_lms_courses_card_item_info_wrapper\">\n\t\t\t\t\t\t\t\t\t\t\t<div class=\"ms_lms_courses_card_item_info_excerpt\">\n\t\t\t\t\t\t\t\u00a1Viajar por Minas Gerais significa sorprenderse en todo momento con la cultura, naturaleza, ...\t\t\t\t\t\t<\/div>\n\t\t\t\t\t\t\t\t\t\t\t\t<div class=\"ms_lms_courses_card_item_info_rating_wrapper\">\n\t\t\t\t\t\t\t\t\t\t\t\t\t\t\t<div class=\"ms_lms_courses_card_item_info_wishlist\">\n\t\t\t\t\t\t\t\t\t\t<div class=\"stm-lms-wishlist\">\n\t\t<a href=\"https:\/\/v3.bossaot.com\/p\/\">\n\t\t\t<i class=\"stmlms-heart-3\"><\/i>\n\t\t\t<span>A\u00f1adir a la lista de deseos<\/span>\n\t\t<\/a>\n\t<\/div>\n\t\t\t\t\t\t\t\t\t<\/div>\n\t\t\t\t\t\t\t\t\t\t\t\t\t<\/div>\n\t\t\t\t\t\t\t\t\t\t\t\t<div class=\"ms_lms_courses_card_item_info_meta\">\n\t\t\t\t\t\t\t<div class=\"ms_lms_courses_card_item_meta_block\">\n\t<i class=\"stmlms-cats\"><\/i>\n<span>\n\t20 Conferencias<\/span>\n<\/div>\n\t\t\t\t\t\t\t\t<span class=\"ms_lms_courses_card_item_info_meta_divider\"><\/span>\n\t\t\t\t\t\t\t\t<div class=\"ms_lms_courses_card_item_meta_block\">\n\t<i class=\"stmlms-views\"><\/i>\n<span><\/span>\n<\/div>\n\t\t\t\t\t\t<\/div>\n\t\t\t\t\t\t\t\t\t\t<\/div>\n\t\t\t<\/div>\n\t\t<\/div>\n\t<\/div>\n\t\t<div class=\"ms_lms_courses_card_item  \">\n\t\t<div class=\"ms_lms_courses_card_item_wrapper\">\n\t\t\t\t\t\t<img decoding=\"async\" src=\"https:\/\/v3.bossaot.com\/wp-content\/uploads\/2024\/07\/intro-540x700.png\" class=\"ms_lms_courses_card_item_image\">\n\t\t\t<div class=\"ms_lms_courses_card_item_info\">\n\t\t\t\t\t\t\t\t\t<span class=\"ms_lms_courses_card_item_info_category\">\n\t\t\t\t\t\t<a href=\"https:\/\/v3.bossaot.com\/c\/?terms%5B%5D=210&#038;category%5B%5D=210\">\n\t\t\t\t\t\t\t\u00a0Brasil\t\t\t\t\t\t<\/a>\n\t\t\t\t\t<\/span>\n\t\t\t\t\t\t\t\t\t<a href=\"https:\/\/v3.bossaot.com\/es\/c\/maranhao\/\" class=\"ms_lms_courses_card_item_info_title\">\n\t\t\t\t\t\t<h3>Maranh\u00e3o<\/h3>\n\t\t\t\t\t<\/a>\n\t\t\t\t\n<div class=\"ms_lms_courses_card_item_info_price\">\n\t\t\t<div class=\"ms_lms_courses_card_item_info_price_single\">\n\t\t\t<span>Gratis<\/span>\n\t\t<\/div>\n\t<\/div>\n\t\t\t\t<div class=\"ms_lms_courses_card_item_info_wrapper\">\n\t\t\t\t\t\t\t\t\t\t\t<div class=\"ms_lms_courses_card_item_info_excerpt\">\n\t\t\t\t\t\t\tLa capacitaci\u00f3n de Maranh\u00e3o es direccionada especialmente para agentes de viajes y operadore...\t\t\t\t\t\t<\/div>\n\t\t\t\t\t\t\t\t\t\t\t\t<div class=\"ms_lms_courses_card_item_info_rating_wrapper\">\n\t\t\t\t\t\t\t\t\t\t\t\t\t\t\t<div class=\"ms_lms_courses_card_item_info_wishlist\">\n\t\t\t\t\t\t\t\t\t\t<div class=\"stm-lms-wishlist\">\n\t\t<a href=\"https:\/\/v3.bossaot.com\/p\/\">\n\t\t\t<i class=\"stmlms-heart-3\"><\/i>\n\t\t\t<span>A\u00f1adir a la lista de deseos<\/span>\n\t\t<\/a>\n\t<\/div>\n\t\t\t\t\t\t\t\t\t<\/div>\n\t\t\t\t\t\t\t\t\t\t\t\t\t<\/div>\n\t\t\t\t\t\t\t\t\t\t\t\t<div class=\"ms_lms_courses_card_item_info_meta\">\n\t\t\t\t\t\t\t<div class=\"ms_lms_courses_card_item_meta_block\">\n\t<i class=\"stmlms-cats\"><\/i>\n<span>\n\t16 Conferencias<\/span>\n<\/div>\n\t\t\t\t\t\t\t\t<span class=\"ms_lms_courses_card_item_info_meta_divider\"><\/span>\n\t\t\t\t\t\t\t\t<div class=\"ms_lms_courses_card_item_meta_block\">\n\t<i class=\"stmlms-views\"><\/i>\n<span>0<\/span>\n<\/div>\n\t\t\t\t\t\t<\/div>\n\t\t\t\t\t\t\t\t\t\t<\/div>\n\t\t\t<\/div>\n\t\t<\/div>\n\t<\/div>\n\t\t<div class=\"ms_lms_courses_card_item  \">\n\t\t<div class=\"ms_lms_courses_card_item_wrapper\">\n\t\t\t\t\t\t<img decoding=\"async\" src=\"https:\/\/v3.bossaot.com\/wp-content\/uploads\/2025\/03\/nordeste_bahia-540x700.jpg\" class=\"ms_lms_courses_card_item_image\">\n\t\t\t<div class=\"ms_lms_courses_card_item_info\">\n\t\t\t\t\t\t\t\t\t<span class=\"ms_lms_courses_card_item_info_category\">\n\t\t\t\t\t\t<a href=\"https:\/\/v3.bossaot.com\/c\/?terms%5B%5D=210&#038;category%5B%5D=210\">\n\t\t\t\t\t\t\t\u00a0Brasil\t\t\t\t\t\t<\/a>\n\t\t\t\t\t<\/span>\n\t\t\t\t\t\t\t\t\t<a href=\"https:\/\/v3.bossaot.com\/es\/c\/region-noreste-de-brasil\/\" class=\"ms_lms_courses_card_item_info_title\">\n\t\t\t\t\t\t<h3>Regi\u00f3n Noreste de Brasil<\/h3>\n\t\t\t\t\t<\/a>\n\t\t\t\t\n<div class=\"ms_lms_courses_card_item_info_price\">\n\t\t\t<div class=\"ms_lms_courses_card_item_info_price_single\">\n\t\t\t<span>Gratis<\/span>\n\t\t<\/div>\n\t<\/div>\n\t\t\t\t<div class=\"ms_lms_courses_card_item_info_wrapper\">\n\t\t\t\t\t\t\t\t\t\t\t<div class=\"ms_lms_courses_card_item_info_excerpt\">\n\t\t\t\t\t\t\tRegi\u00f3n Noreste de Brasil: Esta capacitaci\u00f3n es ofrecida por VBRATA, una asociaci\u00f3n del trade...\t\t\t\t\t\t<\/div>\n\t\t\t\t\t\t\t\t\t\t\t\t<div class=\"ms_lms_courses_card_item_info_rating_wrapper\">\n\t\t\t\t\t\t\t\t\t\t\t\t\t\t\t<div class=\"ms_lms_courses_card_item_info_wishlist\">\n\t\t\t\t\t\t\t\t\t\t<div class=\"stm-lms-wishlist\">\n\t\t<a href=\"https:\/\/v3.bossaot.com\/p\/\">\n\t\t\t<i class=\"stmlms-heart-3\"><\/i>\n\t\t\t<span>A\u00f1adir a la lista de deseos<\/span>\n\t\t<\/a>\n\t<\/div>\n\t\t\t\t\t\t\t\t\t<\/div>\n\t\t\t\t\t\t\t\t\t\t\t\t\t<\/div>\n\t\t\t\t\t\t\t\t\t\t\t\t<div class=\"ms_lms_courses_card_item_info_meta\">\n\t\t\t\t\t\t\t<div class=\"ms_lms_courses_card_item_meta_block\">\n\t<i class=\"stmlms-cats\"><\/i>\n<span>\n\t31 Conferencias<\/span>\n<\/div>\n\t\t\t\t\t\t\t\t<span class=\"ms_lms_courses_card_item_info_meta_divider\"><\/span>\n\t\t\t\t\t\t\t\t<div class=\"ms_lms_courses_card_item_meta_block\">\n\t<i class=\"stmlms-views\"><\/i>\n<span><\/span>\n<\/div>\n\t\t\t\t\t\t<\/div>\n\t\t\t\t\t\t\t\t\t\t<\/div>\n\t\t\t<\/div>\n\t\t<\/div>\n\t<\/div>\n\t\t\t\t<\/div>\n\t\t\t<div class=\"ms_lms_courses_archive__pagination_wrapper\">\n\t\t\t\t\t\t\t<\/div>\n\t\t<\/div>\n\t<\/div>\n<\/div>\n\t\t\t\t<\/div>\n\t\t\t\t<\/div>\n\t\t\t\t\t<\/div>\n\t\t\t\t<\/div>\n\t\t\t\t<\/div>\n\t\t","protected":false},"excerpt":{"rendered":"<p>Newest Oldest Most Viewed Filters Category South America Brazil Europe Status Hot New Special Reset All Brazil Mato Grosso do Sul Progress: 14% Welcome to the free online course \u00abMato Grosso do Sul: Discover the Charm of Brazil&#8217;s Midwes&#8230; Add to Wishlist 20 Lectures 0 Brazil Northeast of Brazil Visit Brazil Travel Association (VBRATA), a [&hellip;]<\/p>\n","protected":false},"author":1,"featured_media":9770,"parent":0,"menu_order":0,"comment_status":"closed","ping_status":"closed","template":"","meta":{"_acf_changed":false,"footnotes":""},"class_list":["post-11936","page","type-page","status-publish","has-post-thumbnail","hentry"],"acf":[],"_links":{"self":[{"href":"https:\/\/v3.bossaot.com\/es\/wp-json\/wp\/v2\/pages\/11936","targetHints":{"allow":["GET"]}}],"collection":[{"href":"https:\/\/v3.bossaot.com\/es\/wp-json\/wp\/v2\/pages"}],"about":[{"href":"https:\/\/v3.bossaot.com\/es\/wp-json\/wp\/v2\/types\/page"}],"author":[{"embeddable":true,"href":"https:\/\/v3.bossaot.com\/es\/wp-json\/wp\/v2\/users\/1"}],"replies":[{"embeddable":true,"href":"https:\/\/v3.bossaot.com\/es\/wp-json\/wp\/v2\/comments?post=11936"}],"version-history":[{"count":0,"href":"https:\/\/v3.bossaot.com\/es\/wp-json\/wp\/v2\/pages\/11936\/revisions"}],"wp:featuredmedia":[{"embeddable":true,"href":"https:\/\/v3.bossaot.com\/es\/wp-json\/wp\/v2\/media\/9770"}],"wp:attachment":[{"href":"https:\/\/v3.bossaot.com\/es\/wp-json\/wp\/v2\/media?parent=11936"}],"curies":[{"name":"wp","href":"https:\/\/api.w.org\/{rel}","templated":true}]}}