{"id":12945,"date":"2024-11-08T14:49:08","date_gmt":"2024-11-08T14:49:08","guid":{"rendered":"https:\/\/v3.bossaot.com\/?page_id=12945"},"modified":"2025-04-10T13:38:07","modified_gmt":"2025-04-10T12:38:07","slug":"registrar","status":"publish","type":"page","link":"https:\/\/v3.bossaot.com\/es\/registrar\/","title":{"rendered":"Registrar"},"content":{"rendered":"\t\t<div data-elementor-type=\"wp-page\" data-elementor-id=\"12945\" class=\"elementor elementor-12945 elementor-12940\" data-elementor-post-type=\"page\">\n\t\t\t\t<div class=\"elementor-element elementor-element-86643a0 e-flex e-con-boxed e-con e-parent\" data-id=\"86643a0\" data-element_type=\"container\">\n\t\t\t\t\t<div class=\"e-con-inner\">\n\t\t\t\t<div class=\"elementor-element elementor-element-d7ea97a elementor-widget elementor-widget-shortcode\" data-id=\"d7ea97a\" data-element_type=\"widget\" data-widget_type=\"shortcode.default\">\n\t\t\t\t<div class=\"elementor-widget-container\">\n\t\t\t\t\t\t\t<div class=\"elementor-shortcode\"><script>\nvar authorization_data,\n\tauthorization_settings;\n\nif (typeof authorization_data === 'undefined') {\n\tauthorization_data = {\n\t\t'register_nonce': '10c717f9a7',\n\t\t'instructor_nonce': '41fe5b24f7',\n\t\t'login_nonce': '14f309edba',\n\t\t'restore_nonce': '232dcdd8d0',\n\t\t'ajax_url': 'https:\/\/v3.bossaot.com\/wp-admin\/admin-ajax.php',\n\t\t'email_confirmation': '',\n\t\t'recaptcha_site_key': '6LfREhwaAAAAADieFICCd0NK5kMtL2gT94pKBXwa',\n\t\t'default_fields': {\"first_name\":{\"label\":\"Nombre\",\"placeholder\":\"Nombre (certificado)\",\"register\":true,\"required\":true,\"value\":\"\"},\"last_name\":{\"label\":\"Apellido\",\"placeholder\":\"Apellido (certificado)\",\"register\":true,\"required\":true,\"value\":\"\"}},\n\t\t'additional_fields': [{\"type\":\"text\",\"field_name\":\"Single Line Text\",\"id\":\"m9uxyfwk0tc\",\"label\":\"Personal Details\",\"slug\":\"personal_label_only_label\",\"register\":true,\"placeholder\":\"\",\"required\":false,\"value\":\"\"},{\"type\":\"tel\",\"field_name\":\"Phone\",\"id\":\"ip013rqn2cp\",\"slug\":\"mobile\",\"placeholder\":\"Mobile No.\",\"required\":true,\"register\":true,\"label\":\"\"},{\"type\":\"text\",\"field_name\":\"Single Line Text\",\"id\":\"miv5glc501\",\"value\":\"\",\"label\":\"\",\"placeholder\":\"Job Title\",\"required\":true,\"slug\":\"jobtitle\",\"register\":true},{\"type\":\"text\",\"field_name\":\"Single Line Text\",\"id\":\"vykusgyvmdd\",\"label\":\"Company Details\",\"slug\":\"company_only_label\",\"register\":true,\"placeholder\":\"\",\"required\":false,\"value\":\"\"},{\"type\":\"text\",\"field_name\":\"Single Line Text\",\"id\":\"hrmoo11afem\",\"value\":\"\",\"label\":\"\",\"placeholder\":\"Company Name\",\"required\":true,\"slug\":\"company\",\"register\":true},{\"type\":\"text\",\"field_name\":\"Single Line Text\",\"id\":\"ja66zi1900n\",\"value\":\"\",\"label\":\"\",\"placeholder\":\"Address\",\"required\":true,\"slug\":\"address\",\"register\":true},{\"type\":\"text\",\"field_name\":\"Single Line Text\",\"id\":\"p211nfkm9lq\",\"value\":\"\",\"label\":\"\",\"placeholder\":\"City\",\"required\":true,\"slug\":\"city\",\"register\":true},{\"type\":\"text\",\"field_name\":\"Single Line Text\",\"id\":\"wd8fcp0i2d\",\"value\":\"\",\"label\":\"\",\"placeholder\":\"Postcode\",\"required\":true,\"slug\":\"postcode\",\"register\":true},{\"type\":\"text\",\"field_name\":\"Single Line Text\",\"id\":\"1c8eh274tyc\",\"value\":\"\",\"label\":\"\",\"placeholder\":\"Country\",\"required\":true,\"slug\":\"country\",\"register\":true},{\"type\":\"email\",\"field_name\":\"Email\",\"id\":\"vyeo93nf96g\",\"register\":true,\"slug\":\"cemail\",\"placeholder\":\"Email\",\"label\":\"\"},{\"type\":\"text\",\"field_name\":\"Single Line Text\",\"id\":\"vnv5y9j4o9r\",\"value\":\"\",\"label\":\"\",\"placeholder\":\"Website\",\"required\":false,\"slug\":\"website\",\"register\":true},{\"type\":\"text\",\"field_name\":\"Single Line Text\",\"id\":\"67z7hc0imzf\",\"label\":\"Your Profile\",\"slug\":\"profile_only_label\",\"register\":true,\"placeholder\":\"\",\"required\":false,\"value\":\"\"},{\"type\":\"select\",\"field_name\":\"Drop Down\",\"choices\":[\"Airline\",\"Business Travel Agent\",\"Travel Agent (Call Centre\\\/Online)\",\"Travel Agent (Independent Agency)\",\"Travel Agent (Homeworker)\",\"Travel Agent (Multiple Agency)\",\"Tour Operator\",\"Travel Student\",\"Representation Company\",\"Student\",\"Non Travel Company\",\"Other\"],\"id\":\"891zta2wzok\",\"label\":\"Type of Business\",\"register\":true,\"slug\":\"btype\",\"placeholder\":\"\",\"required\":true,\"description\":\"Choose an option\"},{\"type\":\"select\",\"field_name\":\"Drop Down\",\"choices\":[\"Advertising\",\"Email Marketing\",\"Facebook\",\"Friend \\\/ Recommendation\",\"Google\",\"My Manager \\\/ Company Training\",\"My Teacher \\\/ Tutor \\\/ College\",\"Telemarketing\",\"Media\",\"Newsletters\",\"Sales Rep visit to our office\",\"Tourist Office Promotion\",\"VBRATA Website\",\"Twitter\",\"Other\"],\"id\":\"flcc1btqxg\",\"label\":\"How did you hear about us?\",\"register\":true,\"slug\":\"howdid\",\"placeholder\":\"\",\"required\":true,\"description\":\"Choose an option\"},{\"type\":\"checkbox\",\"field_name\":\"Checkboxes\",\"choices\":[\" I agree with the Terms and Conditions.\"],\"id\":\"8q22eajkyvk\",\"register\":true,\"slug\":\"terms\",\"required\":true,\"label\":\"\"},{\"type\":\"checkbox\",\"field_name\":\"Checkboxes\",\"choices\":[\"Please tick this box if you would like to receive occasional correspondence from us and our partners.\"],\"id\":\"4cjlos76pjg\",\"register\":true,\"slug\":\"mailing\",\"required\":false,\"label\":\"\"}],\n\t\t'instructor_fields': [{\"type\":\"text\",\"field_name\":\"Single Line Text\",\"id\":\"9wqzh2h5zh5\",\"value\":\"test\"}],\n\t\t'only_for_instructor': '0',\n\t\t'user_account_page': 'https:\/\/v3.bossaot.com\/p\/',\n\t\t'instructor_premoderation': '',\n\t};\n}\nif (typeof authorization_settings === 'undefined') {\n\tauthorization_settings = {\n\t\t'register_mode': '1',\n\t\t'titles': {\"login\":{\"main\":\"Iniciar sesi\\u00f3n\",\"account\":\"\\u00bfNo tienes cuenta?\",\"separator\":\"or sign in with email\"},\"register\":{\"main\":\"Registro\",\"account\":\"\\u00bfTienes cuenta?\",\"separator\":\"or sign up with email\"}},\n\t};\n}\n<\/script>\n<div class=\"masterstudy-authorization masterstudy-authorization_register\">\n\t<div class=\"masterstudy-authorization__wrapper\">\n\t\t<div class=\"masterstudy-authorization__header\">\n\t\t\t<span class=\"masterstudy-authorization__header-title\">\n\t\t\t\tRegistro\t\t\t<\/span>\n\t\t<\/div>\n\t\t<div id=\"masterstudy-authorization-form-login\" class=\"masterstudy-authorization__form\">\n\t<div class=\"masterstudy-authorization__form-wrapper\">\n\t\t<div class=\"masterstudy-authorization__form-field\">\n\t\t\t<input type=\"text\" name=\"user_login\" class=\"masterstudy-authorization__form-input\" placeholder=\"Login\/Email\">\n\t\t<\/div>\n\t\t<div class=\"masterstudy-authorization__form-field\">\n\t\t\t<input type=\"password\" name=\"user_password\" class=\"masterstudy-authorization__form-input masterstudy-authorization__form-input_pass\" placeholder=\"Introduzca su contrase\u00f1a\">\n\t\t\t<span class=\"masterstudy-authorization__form-show-pass\"><\/span>\n\t\t<\/div>\n\t<\/div>\n<\/div>\n\n<div id=\"masterstudy-authorization-form-register\" class=\"masterstudy-authorization__form\">\n\t<div class=\"masterstudy-authorization__form-wrapper\">\n\t\t\t\t\t<div class=\"masterstudy-authorization__form-field\">\n\t\t\t\t<input type=\"text\" name=\"register_user_email\" class=\"masterstudy-authorization__form-input\" placeholder=\"Introduce tu correo electr\u00f3nico\">\n\t\t\t<\/div>\n\t\t\t<div class=\"masterstudy-authorization__form-field\">\n\t\t\t\t<input type=\"text\" name=\"register_user_login\" class=\"masterstudy-authorization__form-input\" placeholder=\"Introduce el nombre de usuario\">\n\t\t\t<\/div>\n\t\t\t<div class=\"masterstudy-authorization__form-field\">\n\t\t\t\t<input type=\"password\" name=\"register_user_password\" class=\"masterstudy-authorization__form-input masterstudy-authorization__form-input_pass\" placeholder=\"Introduzca su contrase\u00f1a\">\n\t\t\t\t\t\t\t\t<div class=\"masterstudy-authorization__strength-password\">\n\t\t\t\t\t<div class=\"masterstudy-authorization__strength-password__separator\"><\/div>\n\t\t\t\t\t<div class=\"masterstudy-authorization__strength-password__separator\"><\/div>\n\t\t\t\t\t<div class=\"masterstudy-authorization__strength-password__separator\"><\/div>\n\t\t\t\t\t<div class=\"masterstudy-authorization__strength-password__separator\"><\/div>\n\t\t\t\t<\/div>\n\t\t\t\t\t\t\t\t<span class=\"masterstudy-authorization__form-show-pass\"><\/span>\n\t\t\t\t\t\t\t\t<span class=\"masterstudy-authorization__form-explain-pass\">\n\t\t\t\t\tLa contrase\u00f1a debe tener un m\u00ednimo de 8 caracteres de n\u00fameros y letras, y contener al menos 1 letra may\u00fascula\t\t\t\t<\/span>\n\t\t\t\t\t\t\t<\/div>\n\t\t\t<div class=\"masterstudy-authorization__form-field\">\n\t\t\t\t<input type=\"password\" name=\"register_user_password_re\" class=\"masterstudy-authorization__form-input masterstudy-authorization__form-input_pass\" placeholder=\"Repita la contrase\u00f1a\">\n\t\t\t\t<span class=\"masterstudy-authorization__form-show-pass\"><\/span>\n\t\t\t<\/div>\n\t\t\t\t\t\t\t\t\t<div class=\"masterstudy-authorization__form-field\">\n\t\t\t\t\t\t\t<input type=\"text\" name=\"first_name\" class=\"masterstudy-authorization__form-input\" placeholder=\"Nombre (certificado)\">\n\t\t\t\t\t\t<\/div>\n\t\t\t\t\t\t\t\t\t\t\t\t<div class=\"masterstudy-authorization__form-field\">\n\t\t\t\t\t\t\t<input type=\"text\" name=\"last_name\" class=\"masterstudy-authorization__form-input\" placeholder=\"Apellido (certificado)\">\n\t\t\t\t\t\t<\/div>\n\t\t\t\t\t\t\t\t\t\t\t<div class=\"masterstudy-authorization__form-field\">\n\t\t\t\t\t\t\t<span class=\"masterstudy-form-builder__text-label\">\n\t\tDatos Personales\t<\/span>\n\n<input type=\"text\" name=\"personal_label_only_label\" class=\"masterstudy-form-builder__text\" placeholder=\"\" value=\"\">\n\n\t\t\t\t\t<\/div>\n\t\t\t\t\t\t\t\t\t\t<div class=\"masterstudy-authorization__form-field\">\n\t\t\t\t\t\t\n<input type=\"text\" name=\"mobile\" class=\"masterstudy-form-builder__text\" placeholder=\"N\u00famero de m\u00f3vil\" value=\"\">\n\n\t\t\t\t\t<\/div>\n\t\t\t\t\t\t\t\t\t\t<div class=\"masterstudy-authorization__form-field\">\n\t\t\t\t\t\t\n<input type=\"text\" name=\"jobtitle\" class=\"masterstudy-form-builder__text\" placeholder=\"Posici\u00f3n\" value=\"\">\n\n\t\t\t\t\t<\/div>\n\t\t\t\t\t\t\t\t\t\t<div class=\"masterstudy-authorization__form-field\">\n\t\t\t\t\t\t\t<span class=\"masterstudy-form-builder__text-label\">\n\t\tDetalles de la empresa\t<\/span>\n\n<input type=\"text\" name=\"company_only_label\" class=\"masterstudy-form-builder__text\" placeholder=\"\" value=\"\">\n\n\t\t\t\t\t<\/div>\n\t\t\t\t\t\t\t\t\t\t<div class=\"masterstudy-authorization__form-field\">\n\t\t\t\t\t\t\n<input type=\"text\" name=\"company\" class=\"masterstudy-form-builder__text\" placeholder=\"Nombre de empresa\" value=\"\">\n\n\t\t\t\t\t<\/div>\n\t\t\t\t\t\t\t\t\t\t<div class=\"masterstudy-authorization__form-field\">\n\t\t\t\t\t\t\n<input type=\"text\" name=\"address\" class=\"masterstudy-form-builder__text\" placeholder=\"Direcci\u00f3n\" value=\"\">\n\n\t\t\t\t\t<\/div>\n\t\t\t\t\t\t\t\t\t\t<div class=\"masterstudy-authorization__form-field\">\n\t\t\t\t\t\t\n<input type=\"text\" name=\"city\" class=\"masterstudy-form-builder__text\" placeholder=\"Ciudad\" value=\"\">\n\n\t\t\t\t\t<\/div>\n\t\t\t\t\t\t\t\t\t\t<div class=\"masterstudy-authorization__form-field\">\n\t\t\t\t\t\t\n<input type=\"text\" name=\"postcode\" class=\"masterstudy-form-builder__text\" placeholder=\"C\u00f3digo postal\" value=\"\">\n\n\t\t\t\t\t<\/div>\n\t\t\t\t\t\t\t\t\t\t<div class=\"masterstudy-authorization__form-field\">\n\t\t\t\t\t\t\n<input type=\"text\" name=\"country\" class=\"masterstudy-form-builder__text\" placeholder=\"Pa\u00eds\" value=\"\">\n\n\t\t\t\t\t<\/div>\n\t\t\t\t\t\t\t\t\t\t<div class=\"masterstudy-authorization__form-field\">\n\t\t\t\t\t\t\n<input type=\"text\" name=\"cemail\" class=\"masterstudy-form-builder__text\" placeholder=\"Correo electr\u00f3nico\" value=\"\">\n\n\t\t\t\t\t<\/div>\n\t\t\t\t\t\t\t\t\t\t<div class=\"masterstudy-authorization__form-field\">\n\t\t\t\t\t\t\n<input type=\"text\" name=\"website\" class=\"masterstudy-form-builder__text\" placeholder=\"Sitio\" value=\"\">\n\n\t\t\t\t\t<\/div>\n\t\t\t\t\t\t\t\t\t\t<div class=\"masterstudy-authorization__form-field\">\n\t\t\t\t\t\t\t<span class=\"masterstudy-form-builder__text-label\">\n\t\tTu Perfil\t<\/span>\n\n<input type=\"text\" name=\"profile_only_label\" class=\"masterstudy-form-builder__text\" placeholder=\"\" value=\"\">\n\n\t\t\t\t\t<\/div>\n\t\t\t\t\t\t\t\t\t\t<div class=\"masterstudy-authorization__form-field\">\n\t\t\t\t\t\t\n<div class=\"masterstudy-form-builder__select-container\">\n\t\t\t<span class=\"masterstudy-form-builder__select-label\">\n\t\t\tTipo de Negocio\t\t<\/span>\n\t\t<div class=\"masterstudy-form-builder__select-wrapper\">\n\t\t<select name=\"btype\" class=\"masterstudy-form-builder__select\">\n\t\t\t\t\t\t\t\t<option value=\"Airline\" >Aerol\u00ednea<\/option>\n\t\t\t\t\t\t\t\t\t\t<option value=\"Business Travel Agent\" >Agente de Viajes Corporativo<\/option>\n\t\t\t\t\t\t\t\t\t\t<option value=\"Travel Agent (Call Centre\/Online)\" >Agente de Viajes (Call Center \/ OTA)<\/option>\n\t\t\t\t\t\t\t\t\t\t<option value=\"Travel Agent (Independent Agency)\" >Agente de Viajes (Agencia Independiente)<\/option>\n\t\t\t\t\t\t\t\t\t\t<option value=\"Travel Agent (Homeworker)\" >Agente de Viajes (home worker)<\/option>\n\t\t\t\t\t\t\t\t\t\t<option value=\"Travel Agent (Multiple Agency)\" >Agente de viajes (agencias m\u00faltiples)<\/option>\n\t\t\t\t\t\t\t\t\t\t<option value=\"Tour Operator\" >Operador de turismo<\/option>\n\t\t\t\t\t\t\t\t\t\t<option value=\"Travel Student\" >Estudiante de Turismo<\/option>\n\t\t\t\t\t\t\t\t\t\t<option value=\"Representation Company\" >Empresa de Representaciones<\/option>\n\t\t\t\t\t\t\t\t\t\t<option value=\"Student\" >Estudiante<\/option>\n\t\t\t\t\t\t\t\t\t\t<option value=\"Non Travel Company\" >No trabajo con turismo<\/option>\n\t\t\t\t\t\t\t\t\t\t<option value=\"Other\" >Otra<\/option>\n\t\t\t\t\t\t\t<\/select>\n\t<\/div>\n<\/div>\n\n\t<span class=\"masterstudy-form-builder__select-description\">\n\t\tElija una opci\u00f3n\t<\/span>\n\t\t\t\t\t\t<\/div>\n\t\t\t\t\t\t\t\t\t\t<div class=\"masterstudy-authorization__form-field\">\n\t\t\t\t\t\t\n<div class=\"masterstudy-form-builder__select-container\">\n\t\t\t<span class=\"masterstudy-form-builder__select-label\">\n\t\t\t\u00bfC\u00f3mo se enter\u00f3 de nosotros?\t\t<\/span>\n\t\t<div class=\"masterstudy-form-builder__select-wrapper\">\n\t\t<select name=\"howdid\" class=\"masterstudy-form-builder__select\">\n\t\t\t\t\t\t\t\t<option value=\"Advertising\" >Publicidad<\/option>\n\t\t\t\t\t\t\t\t\t\t<option value=\"Email Marketing\" >Email Marketing<\/option>\n\t\t\t\t\t\t\t\t\t\t<option value=\"Facebook\" >Facebook<\/option>\n\t\t\t\t\t\t\t\t\t\t<option value=\"Friend \/ Recommendation\" >Amigo \/ Recomendaci\u00f3n<\/option>\n\t\t\t\t\t\t\t\t\t\t<option value=\"Google\" >Google<\/option>\n\t\t\t\t\t\t\t\t\t\t<option value=\"My Manager \/ Company Training\" >Mi gerente \/ formaci\u00f3n en la empresa<\/option>\n\t\t\t\t\t\t\t\t\t\t<option value=\"My Teacher \/ Tutor \/ College\" >Mi profesor \/ tutor \/ universidad<\/option>\n\t\t\t\t\t\t\t\t\t\t<option value=\"Telemarketing\" >Telemarketing<\/option>\n\t\t\t\t\t\t\t\t\t\t<option value=\"Media\" >Medios<\/option>\n\t\t\t\t\t\t\t\t\t\t<option value=\"Newsletters\" >Newsletters<\/option>\n\t\t\t\t\t\t\t\t\t\t<option value=\"Sales Rep visit to our office\" >Visita del representante de ventas<\/option>\n\t\t\t\t\t\t\t\t\t\t<option value=\"Tourist Office Promotion\" >Promoci\u00f3n de la Oficina de Turismo<\/option>\n\t\t\t\t\t\t\t\t\t\t<option value=\"VBRATA Website\" >Sitio de VBRATA<\/option>\n\t\t\t\t\t\t\t\t\t\t<option value=\"Twitter\" >Twitter<\/option>\n\t\t\t\t\t\t\t\t\t\t<option value=\"Other\" >Otra<\/option>\n\t\t\t\t\t\t\t<\/select>\n\t<\/div>\n<\/div>\n\n\t<span class=\"masterstudy-form-builder__select-description\">\n\t\tElija una opci\u00f3n\t<\/span>\n\t\t\t\t\t\t<\/div>\n\t\t\t\t\t\t\t\t\t\t<div class=\"masterstudy-authorization__form-field\">\n\t\t\t\t\t\t\n<div class=\"masterstudy-form-builder__checkbox-group\">\n\t\t\t<div class=\"masterstudy-form-builder__checkbox-container\">\n\t\t\t<div class=\"masterstudy-form-builder__checkbox\">\n\t\t\t\t<input type=\"checkbox\" name=\"terms\" value=\" I agree with the Terms and Conditions.\"\/>\n\t\t\t\t<span class=\"masterstudy-form-builder__checkbox-wrapper \"><\/span>\n\t\t\t<\/div>\n\t\t\t<span class=\"masterstudy-form-builder__checkbox-title\">\n\t\t\t\t Estoy de acuerdo con los T\u00e9rminos y Condiciones.\t\t\t<\/span>\n\t\t<\/div>\n\t\t<\/div>\n\t\t\t\t\t<\/div>\n\t\t\t\t\t\t\t\t\t\t<div class=\"masterstudy-authorization__form-field\">\n\t\t\t\t\t\t\n<div class=\"masterstudy-form-builder__checkbox-group\">\n\t\t\t<div class=\"masterstudy-form-builder__checkbox-container\">\n\t\t\t<div class=\"masterstudy-form-builder__checkbox\">\n\t\t\t\t<input type=\"checkbox\" name=\"mailing\" value=\"Please tick this box if you would like to receive occasional correspondence from us and our partners.\"\/>\n\t\t\t\t<span class=\"masterstudy-form-builder__checkbox-wrapper \"><\/span>\n\t\t\t<\/div>\n\t\t\t<span class=\"masterstudy-form-builder__checkbox-title\">\n\t\t\t\tMarque esta casilla si desea recibir correspondencia ocasional nuestra y de nuestros socios.\t\t\t<\/span>\n\t\t<\/div>\n\t\t<\/div>\n\t\t\t\t\t<\/div>\n\t\t\t\t\t\n<div data-id=\"form_builder_file_alert\" class=\"masterstudy-alert \">\n\t<div class=\"masterstudy-alert__wrapper\">\n\t\t<div class=\"masterstudy-alert__container\">\n\t\t\t<div class=\"masterstudy-alert__header\">\n\t\t\t\t<span class=\"masterstudy-alert__header-title\">\n\t\t\t\t\tBorrar el archivo\t\t\t\t<\/span>\n\t\t\t\t<span class=\"masterstudy-alert__header-close\"><\/span>\n\t\t\t<\/div>\n\t\t\t<div class=\"masterstudy-alert__text\">\n\t\t\t\tAre you sure you want to delete this file?\t\t\t<\/div>\n\t\t\t<div class=\"masterstudy-alert__actions\">\n\t\t\t\t\n<a\n\thref=\"#\"\n\t\t\tclass=\"masterstudy-button masterstudy-button_style-tertiary masterstudy-button_size-sm masterstudy-button_icon- masterstudy-button_icon-\"\n\t data-id=cancel>\n\t<span class=\"masterstudy-button__title\">Cancelar<\/span>\n<\/a>\n\n<a\n\thref=\"#\"\n\t\t\tclass=\"masterstudy-button masterstudy-button_style-danger masterstudy-button_size-sm masterstudy-button_icon- masterstudy-button_icon-\"\n\t data-id=submit>\n\t<span class=\"masterstudy-button__title\">Borrar<\/span>\n<\/a>\n\t\t\t<\/div>\n\t\t\t<div class=\"masterstudy-alert__error\"><\/div>\n\t\t<\/div>\n\t<\/div>\n<\/div>\n\t<\/div>\n<\/div>\n\t\t<div class=\"masterstudy-authorization__actions\">\n\t\t\t<div class=\"masterstudy-authorization__actions-remember\">\n\t\t\t\t<div class=\"masterstudy-authorization__checkbox\">\n\t\t\t\t\t<input type=\"checkbox\" name=\"masterstudy-authorization-remember\" id=\"masterstudy-authorization-remember\"\/>\n\t\t\t\t\t<span class=\"masterstudy-authorization__checkbox-wrapper\"><\/span>\n\t\t\t\t<\/div>\n\t\t\t\t<span class=\"masterstudy-authorization__checkbox-title\">\n\t\t\t\t\tRecordarme\t\t\t\t<\/span>\n\t\t\t<\/div>\n\t\t\t\n<a\n\thref=\"#\"\n\t\t\tclass=\"masterstudy-button masterstudy-button_style-primary masterstudy-button_size-sm\"\n\t data-id=masterstudy-authorization-login-button>\n\t<span class=\"masterstudy-button__title\">Iniciar sesi\u00f3n<\/span>\n<\/a>\n\t\t\t\n<a\n\thref=\"#\"\n\t\t\tclass=\"masterstudy-button masterstudy-button_style-primary masterstudy-button_size-sm\"\n\t data-id=masterstudy-authorization-register-button>\n\t<span class=\"masterstudy-button__title\">Registro<\/span>\n<\/a>\n\t\t<\/div>\n\t<\/div>\n\t<div class=\"masterstudy-authorization__restore\">\n\t<div class=\"masterstudy-authorization__restore-header\">\n\t\t<span class=\"masterstudy-authorization__restore-header-back\"><\/span>\n\t\t<span class=\"masterstudy-authorization__restore-header-title\">\n\t\t\tRestaurar la contrase\u00f1a\t\t<\/span>\n\t<\/div>\n\t<div id=\"masterstudy-authorization-form-restore\" class=\"masterstudy-authorization__form\">\n\t\t<div class=\"masterstudy-authorization__form-wrapper\">\n\t\t\t<div class=\"masterstudy-authorization__form-field\">\n\t\t\t\t<input type=\"text\" name=\"restore_user_login\" class=\"masterstudy-authorization__form-input\" placeholder=\"Introduce tu correo electr\u00f3nico\">\n\t\t\t<\/div>\n\t\t<\/div>\n\t<\/div>\n\t<div class=\"masterstudy-authorization__actions\">\n\t\t\n<a\n\thref=\"#\"\n\t\t\tclass=\"masterstudy-button masterstudy-button_style-primary masterstudy-button_size-sm\"\n\t data-id=masterstudy-authorization-restore-button>\n\t<span class=\"masterstudy-button__title\">Send reset link<\/span>\n<\/a>\n\t<\/div>\n<\/div>\n\n<div id=\"masterstudy-authorization-restore-pass\" class=\"masterstudy-authorization__send-mail\">\n\t<div class=\"masterstudy-authorization__send-mail-icon-wrapper\">\n\t\t<span class=\"masterstudy-authorization__send-mail-icon\"><\/span>\n\t<\/div>\n\t<span class=\"masterstudy-authorization__send-mail-content\">\n\t\t<span class=\"masterstudy-authorization__send-mail-content-title\">\n\t\t\tEnlace de restablecimiento de contrase\u00f1a enviado\t\t<\/span>\n\t\t<span class=\"masterstudy-authorization__send-mail-content-subtitle\">\n\t\t\ta tu email\t\t<\/span>\n\t<\/span>\n\t<\/div>\n\t\t<div class=\"masterstudy-authorization__switch\">\n\t\t\t<div class=\"masterstudy-authorization__switch-wrapper\">\n\t\t\t\t\t\t\t\t\t<div class=\"masterstudy-authorization__switch-account\">\n\t\t\t\t\t\t<span class=\"masterstudy-authorization__switch-account-title\">\n\t\t\t\t\t\t\t\u00bfTienes cuenta?\t\t\t\t\t\t<\/span>\n\t\t\t\t\t\t<a href=\"#\" id=\"masterstudy-authorization-sign-up\" class=\"masterstudy-authorization__switch-account-link\">\n\t\t\t\t\t\t\tRegistro\t\t\t\t\t\t<\/a>\n\t\t\t\t\t\t<a href=\"#\" id=\"masterstudy-authorization-sign-in\" class=\"masterstudy-authorization__switch-account-link\">\n\t\t\t\t\t\t\tIniciar sesi\u00f3n\t\t\t\t\t\t<\/a>\n\t\t\t\t\t<\/div>\n\t\t\t\t\t\t\t\t\t\t\t\t<span class=\"masterstudy-authorization__switch-lost-pass\">\n\t\t\t\t\t\t\u00bfHas olvidado tu contrase\u00f1a?\t\t\t\t<\/span>\n\t\t\t<\/div>\n\t\t<\/div>\n\t<\/div>\n<\/div>\n\t\t\t\t\t\t<\/div>\n\t\t\t\t<\/div>\n\t\t\t\t\t<\/div>\n\t\t\t\t<\/div>\n\t\t\t\t<\/div>\n\t\t","protected":false},"excerpt":{"rendered":"","protected":false},"author":1,"featured_media":9679,"parent":0,"menu_order":0,"comment_status":"closed","ping_status":"closed","template":"","meta":{"_acf_changed":false,"footnotes":""},"class_list":["post-12945","page","type-page","status-publish","has-post-thumbnail","hentry"],"acf":[],"_links":{"self":[{"href":"https:\/\/v3.bossaot.com\/es\/wp-json\/wp\/v2\/pages\/12945","targetHints":{"allow":["GET"]}}],"collection":[{"href":"https:\/\/v3.bossaot.com\/es\/wp-json\/wp\/v2\/pages"}],"about":[{"href":"https:\/\/v3.bossaot.com\/es\/wp-json\/wp\/v2\/types\/page"}],"author":[{"embeddable":true,"href":"https:\/\/v3.bossaot.com\/es\/wp-json\/wp\/v2\/users\/1"}],"replies":[{"embeddable":true,"href":"https:\/\/v3.bossaot.com\/es\/wp-json\/wp\/v2\/comments?post=12945"}],"version-history":[{"count":1,"href":"https:\/\/v3.bossaot.com\/es\/wp-json\/wp\/v2\/pages\/12945\/revisions"}],"predecessor-version":[{"id":12946,"href":"https:\/\/v3.bossaot.com\/es\/wp-json\/wp\/v2\/pages\/12945\/revisions\/12946"}],"wp:featuredmedia":[{"embeddable":true,"href":"https:\/\/v3.bossaot.com\/es\/wp-json\/wp\/v2\/media\/9679"}],"wp:attachment":[{"href":"https:\/\/v3.bossaot.com\/es\/wp-json\/wp\/v2\/media?parent=12945"}],"curies":[{"name":"wp","href":"https:\/\/api.w.org\/{rel}","templated":true}]}}