{"id":13060,"date":"2018-07-26T07:17:24","date_gmt":"2018-07-26T06:17:24","guid":{"rendered":"https:\/\/v3.bossaot.com\/?page_id=13060"},"modified":"2025-07-14T15:32:29","modified_gmt":"2025-07-14T14:32:29","slug":"about-us","status":"publish","type":"page","link":"https:\/\/v3.bossaot.com\/es\/about-us\/","title":{"rendered":"Qui\u00e9n Somos"},"content":{"rendered":"\t\t<div data-elementor-type=\"wp-page\" data-elementor-id=\"13060\" class=\"elementor elementor-13060 elementor-392\" data-elementor-post-type=\"page\">\n\t\t\t\t<div class=\"elementor-element elementor-element-914ffa4 e-grid e-con-boxed e-con e-parent\" data-id=\"914ffa4\" data-element_type=\"container\">\n\t\t\t\t\t<div class=\"e-con-inner\">\n\t\t\t\t<div class=\"elementor-element elementor-element-89b0d57 elementor-widget elementor-widget-text-editor\" data-id=\"89b0d57\" data-element_type=\"widget\" data-widget_type=\"text-editor.default\">\n\t\t\t\t<div class=\"elementor-widget-container\">\n\t\t\t\t\t\t\t\t\t<p>BOT \u2013 Bossa Online Training ofrece a los especialistas de la industria de viajes la oportunidad de aprender m\u00e1s acerca de destinos y productos de viajes, ofreciendo capacitaci\u00f3n online para que los profesionales de viajes puedan incrementar sus conocimientos y ser especialistas en sus \u00e1reas.<\/p>\n<p>Despu\u00e9s de registrarse en BOT \u2013 Bossa Online Training, tendr\u00e1s acceso instant\u00e1neo a toda nuestra capacitaci\u00f3n online. Nuestro sistema permite un intercambio sencillo entre un programa de capacitaci\u00f3n y otro, lo que garantiza que est\u00e9s completamente actualizado con las \u00faltimas iniciativas de formaci\u00f3n.<\/p>\n<p>BOT \u2013 Bossa Online Training tambi\u00e9n le permite recibir incentivos por completar con \u00e9xito algunos cursos y lo mantiene actualizado sobre su progreso a lo largo de la experiencia de capacitaci\u00f3n.<\/p>\n<p>Despu\u00e9s de inscribirse en BOT \u2013 Bossa Online Training, recibir\u00e1s informaci\u00f3n cada vez que haya nuevos cursos, eventos de destino, fam trips, concursos, incentivos y otras noticias.<\/p>\n\t\t\t\t\t\t\t\t<\/div>\n\t\t\t\t<\/div>\n\t\t\t\t<div class=\"elementor-element elementor-element-db84b21 elementor-widget elementor-widget-image\" data-id=\"db84b21\" data-element_type=\"widget\" data-widget_type=\"image.default\">\n\t\t\t\t<div class=\"elementor-widget-container\">\n\t\t\t\t\t\t\t\t\t\t\t\t\t\t\t<img fetchpriority=\"high\" decoding=\"async\" width=\"1024\" height=\"1014\" src=\"https:\/\/v3.bossaot.com\/wp-content\/uploads\/2024\/07\/student_online_png-1024x1014.png\" class=\"attachment-large size-large wp-image-6612\" alt=\"\" srcset=\"https:\/\/v3.bossaot.com\/wp-content\/uploads\/2024\/07\/student_online_png-1024x1014.png 1024w, https:\/\/v3.bossaot.com\/wp-content\/uploads\/2024\/07\/student_online_png-300x297.png 300w, https:\/\/v3.bossaot.com\/wp-content\/uploads\/2024\/07\/student_online_png-150x150.png 150w, https:\/\/v3.bossaot.com\/wp-content\/uploads\/2024\/07\/student_online_png-768x760.png 768w, https:\/\/v3.bossaot.com\/wp-content\/uploads\/2024\/07\/student_online_png-75x75.png 75w, https:\/\/v3.bossaot.com\/wp-content\/uploads\/2024\/07\/student_online_png-129x129.png 129w, https:\/\/v3.bossaot.com\/wp-content\/uploads\/2024\/07\/student_online_png-122x120.png 122w, https:\/\/v3.bossaot.com\/wp-content\/uploads\/2024\/07\/student_online_png-69x69.png 69w, https:\/\/v3.bossaot.com\/wp-content\/uploads\/2024\/07\/student_online_png-600x594.png 600w, https:\/\/v3.bossaot.com\/wp-content\/uploads\/2024\/07\/student_online_png-100x100.png 100w, https:\/\/v3.bossaot.com\/wp-content\/uploads\/2024\/07\/student_online_png.png 1200w\" sizes=\"(max-width: 1024px) 100vw, 1024px\" \/>\t\t\t\t\t\t\t\t\t\t\t\t\t\t\t<\/div>\n\t\t\t\t<\/div>\n\t\t\t\t\t<\/div>\n\t\t\t\t<\/div>\n\t\t<div class=\"elementor-element elementor-element-55009e2 e-flex e-con-boxed e-con e-parent\" data-id=\"55009e2\" data-element_type=\"container\">\n\t\t\t\t\t<div class=\"e-con-inner\">\n\t\t<div class=\"elementor-element elementor-element-b6adcb9 e-grid e-con-full e-con e-child\" data-id=\"b6adcb9\" data-element_type=\"container\">\n\t\t\t\t<div class=\"elementor-element elementor-element-ad176a6 elementor-widget elementor-widget-icon-box\" data-id=\"ad176a6\" data-element_type=\"widget\" data-widget_type=\"icon-box.default\">\n\t\t\t\t<div class=\"elementor-widget-container\">\n\t\t\t\t\t\t\t<div class=\"elementor-icon-box-wrapper\">\n\n\t\t\t\n\t\t\t\t\t\t<div class=\"elementor-icon-box-content\">\n\n\t\t\t\t\t\t\t\t\t<h3 class=\"elementor-icon-box-title\">\n\t\t\t\t\t\t<span  >\n\t\t\t\t\t\t\tSIN COSTO\t\t\t\t\t\t<\/span>\n\t\t\t\t\t<\/h3>\n\t\t\t\t\n\t\t\t\t\t\t\t\t\t<p class=\"elementor-icon-box-description\">\n\t\t\t\t\t\tTodos nuestros cursos de capacitaci\u00f3n online son gratuitos.\n\t\t\t\t\t<\/p>\n\t\t\t\t\n\t\t\t<\/div>\n\t\t\t\n\t\t<\/div>\n\t\t\t\t\t\t<\/div>\n\t\t\t\t<\/div>\n\t\t\t\t<div class=\"elementor-element elementor-element-a0e3857 elementor-widget elementor-widget-icon-box\" data-id=\"a0e3857\" data-element_type=\"widget\" data-widget_type=\"icon-box.default\">\n\t\t\t\t<div class=\"elementor-widget-container\">\n\t\t\t\t\t\t\t<div class=\"elementor-icon-box-wrapper\">\n\n\t\t\t\n\t\t\t\t\t\t<div class=\"elementor-icon-box-content\">\n\n\t\t\t\t\t\t\t\t\t<h3 class=\"elementor-icon-box-title\">\n\t\t\t\t\t\t<span  >\n\t\t\t\t\t\t\tInteractivo\t\t\t\t\t\t<\/span>\n\t\t\t\t\t<\/h3>\n\t\t\t\t\n\t\t\t\t\t\t\t\t\t<p class=\"elementor-icon-box-description\">\n\t\t\t\t\t\tLo mantendremos completamente actualizado con las \u00faltimas opciones de capacitaci\u00f3n.\t\t\t\t\t<\/p>\n\t\t\t\t\n\t\t\t<\/div>\n\t\t\t\n\t\t<\/div>\n\t\t\t\t\t\t<\/div>\n\t\t\t\t<\/div>\n\t\t\t\t<div class=\"elementor-element elementor-element-28cae84 elementor-widget elementor-widget-icon-box\" data-id=\"28cae84\" data-element_type=\"widget\" data-widget_type=\"icon-box.default\">\n\t\t\t\t<div class=\"elementor-widget-container\">\n\t\t\t\t\t\t\t<div class=\"elementor-icon-box-wrapper\">\n\n\t\t\t\n\t\t\t\t\t\t<div class=\"elementor-icon-box-content\">\n\n\t\t\t\t\t\t\t\t\t<h3 class=\"elementor-icon-box-title\">\n\t\t\t\t\t\t<span  >\n\t\t\t\t\t\t\tConveniencia\t\t\t\t\t\t<\/span>\n\t\t\t\t\t<\/h3>\n\t\t\t\t\n\t\t\t\t\t\t\t\t\t<p class=\"elementor-icon-box-description\">\n\t\t\t\t\t\tAccede a los cursos en cualquier momento y sin l\u00edmite de tiempo para completarlos.\t\t\t\t\t<\/p>\n\t\t\t\t\n\t\t\t<\/div>\n\t\t\t\n\t\t<\/div>\n\t\t\t\t\t\t<\/div>\n\t\t\t\t<\/div>\n\t\t\t\t<div class=\"elementor-element elementor-element-aaef544 elementor-widget elementor-widget-icon-box\" data-id=\"aaef544\" data-element_type=\"widget\" data-widget_type=\"icon-box.default\">\n\t\t\t\t<div class=\"elementor-widget-container\">\n\t\t\t\t\t\t\t<div class=\"elementor-icon-box-wrapper\">\n\n\t\t\t\n\t\t\t\t\t\t<div class=\"elementor-icon-box-content\">\n\n\t\t\t\t\t\t\t\t\t<h3 class=\"elementor-icon-box-title\">\n\t\t\t\t\t\t<span  >\n\t\t\t\t\t\t\tCERTIFICADO DIGITAL\t\t\t\t\t\t<\/span>\n\t\t\t\t\t<\/h3>\n\t\t\t\t\n\t\t\t\t\t\t\t\t\t<p class=\"elementor-icon-box-description\">\n\t\t\t\t\t\tCada programa de formaci\u00f3n incluye ex\u00e1menes reconocidos por ese destino o producto tur\u00edstico.\t\t\t\t\t<\/p>\n\t\t\t\t\n\t\t\t<\/div>\n\t\t\t\n\t\t<\/div>\n\t\t\t\t\t\t<\/div>\n\t\t\t\t<\/div>\n\t\t\t\t<\/div>\n\t\t\t\t\t<\/div>\n\t\t\t\t<\/div>\n\t\t<div class=\"elementor-element elementor-element-8061f2e e-flex e-con-boxed e-con e-parent\" data-id=\"8061f2e\" data-element_type=\"container\">\n\t\t\t\t\t<div class=\"e-con-inner\">\n\t\t\t\t<div class=\"elementor-element elementor-element-9665067 elementor-widget elementor-widget-text-editor\" data-id=\"9665067\" data-element_type=\"widget\" data-widget_type=\"text-editor.default\">\n\t\t\t\t<div class=\"elementor-widget-container\">\n\t\t\t\t\t\t\t\t\t<p><strong>Posibilidad de ganar premios y plazas en Fam Trips<\/strong><br \/>\u00a1Competiciones emocionantes! Gana una plaza en viajes de familiarizaci\u00f3n u otros premios que ofrecen los programas de formaci\u00f3n individual.<\/p>\n<p><strong>Certificado descargable para acreditar tu condici\u00f3n de experto<\/strong><br \/>Cada programa de formaci\u00f3n incluye ex\u00e1menes reconocidos por ese destino o producto tur\u00edstico. Una vez completado con \u00e9xito el curso, podr\u00e1s acceder a un certificado descargable e imprimible que acredita tu estatus de especialista.<\/p>\n<p><em>BOT \u2013 Bossa Online Training, \u00a1disfruta de nuestros cursos online y convi\u00e9rtete en un Especialista en tu \u00e1rea!<\/em><\/p>\n\t\t\t\t\t\t\t\t<\/div>\n\t\t\t\t<\/div>\n\t\t\t\t\t<\/div>\n\t\t\t\t<\/div>\n\t\t<div class=\"elementor-element elementor-element-d0e4cbe e-flex e-con-boxed e-con e-parent\" data-id=\"d0e4cbe\" data-element_type=\"container\">\n\t\t\t\t\t<div class=\"e-con-inner\">\n\t\t\t\t<div class=\"elementor-element elementor-element-6c343c7 elementor-align-center elementor-widget elementor-widget-button\" data-id=\"6c343c7\" data-element_type=\"widget\" data-widget_type=\"button.default\">\n\t\t\t\t<div class=\"elementor-widget-container\">\n\t\t\t\t\t\t\t\t\t<div class=\"elementor-button-wrapper icon_align_  \">\n\t\t\t\t\t<a class=\"elementor-button elementor-button-link elementor-size-sm\" href=\"https:\/\/v3.bossaot.com\/es\/registrar\/\">\n\t\t\t\t\t\t<span class=\"elementor-button-content-wrapper\">\n\t\t\t\t\t\t\t\t\t<span class=\"elementor-button-text\">Reg\u00edstrate Ahora<\/span>\n\t\t\t\t\t<\/span>\n\t\t\t\t\t<\/a>\n\t\t\t\t<\/div>\n\t\t\t\t\t\t\t\t<\/div>\n\t\t\t\t<\/div>\n\t\t\t\t\t<\/div>\n\t\t\t\t<\/div>\n\t\t\t\t<\/div>\n\t\t","protected":false},"excerpt":{"rendered":"<p>BOT \u2013 Bossa Online Training ofrece a los especialistas de la industria de viajes la oportunidad de aprender m\u00e1s acerca de destinos y productos de viajes, ofreciendo capacitaci\u00f3n online para que los profesionales de viajes puedan incrementar sus conocimientos y ser especialistas en sus \u00e1reas. Despu\u00e9s de registrarse en BOT \u2013 Bossa Online Training, tendr\u00e1s [&hellip;]<\/p>\n","protected":false},"author":1,"featured_media":6762,"parent":0,"menu_order":0,"comment_status":"closed","ping_status":"closed","template":"","meta":{"_acf_changed":false,"footnotes":""},"class_list":["post-13060","page","type-page","status-publish","has-post-thumbnail","hentry"],"acf":[],"_links":{"self":[{"href":"https:\/\/v3.bossaot.com\/es\/wp-json\/wp\/v2\/pages\/13060","targetHints":{"allow":["GET"]}}],"collection":[{"href":"https:\/\/v3.bossaot.com\/es\/wp-json\/wp\/v2\/pages"}],"about":[{"href":"https:\/\/v3.bossaot.com\/es\/wp-json\/wp\/v2\/types\/page"}],"author":[{"embeddable":true,"href":"https:\/\/v3.bossaot.com\/es\/wp-json\/wp\/v2\/users\/1"}],"replies":[{"embeddable":true,"href":"https:\/\/v3.bossaot.com\/es\/wp-json\/wp\/v2\/comments?post=13060"}],"version-history":[{"count":11,"href":"https:\/\/v3.bossaot.com\/es\/wp-json\/wp\/v2\/pages\/13060\/revisions"}],"predecessor-version":[{"id":16246,"href":"https:\/\/v3.bossaot.com\/es\/wp-json\/wp\/v2\/pages\/13060\/revisions\/16246"}],"wp:featuredmedia":[{"embeddable":true,"href":"https:\/\/v3.bossaot.com\/es\/wp-json\/wp\/v2\/media\/6762"}],"wp:attachment":[{"href":"https:\/\/v3.bossaot.com\/es\/wp-json\/wp\/v2\/media?parent=13060"}],"curies":[{"name":"wp","href":"https:\/\/api.w.org\/{rel}","templated":true}]}}