{"id":13117,"date":"2025-05-07T14:58:06","date_gmt":"2025-05-07T13:58:06","guid":{"rendered":"https:\/\/v3.bossaot.com\/?page_id=13117"},"modified":"2025-05-07T15:03:03","modified_gmt":"2025-05-07T14:03:03","slug":"privacidad","status":"publish","type":"page","link":"https:\/\/v3.bossaot.com\/es\/privacidad\/","title":{"rendered":"Pol\u00edtica de Privacidad"},"content":{"rendered":"<p>Tu privacidad es importante para nosotros. Es pol\u00edtica de Bossa Online Training respetar tu privacidad en relaci\u00f3n con cualquier informaci\u00f3n que podamos recopilar en nuestro sitio web, BossaOT.com, y otros sitios que poseemos y operamos.<\/p>\n<p>Solicitamos informaci\u00f3n personal solo cuando realmente la necesitamos para ofrecerte un servicio. La recopilamos por medios justos y legales, con tu conocimiento y consentimiento. Tambi\u00e9n te informamos por qu\u00e9 la recopilamos y c\u00f3mo se utilizar\u00e1.<\/p>\n<p>Conservamos la informaci\u00f3n recopilada solo el tiempo necesario para proporcionarte el servicio solicitado. Los datos que almacenamos se protegen mediante medios comercialmente aceptables para evitar p\u00e9rdidas, robos, accesos no autorizados, divulgaci\u00f3n, copia, uso o modificaci\u00f3n.<\/p>\n<p>No compartimos informaci\u00f3n personal identificable p\u00fablicamente ni con terceros, salvo que sea requerido por ley.<\/p>\n<p>Nuestro sitio puede contener enlaces a sitios externos que no operamos. Ten en cuenta que no tenemos control sobre el contenido y las pr\u00e1cticas de estos sitios y no podemos aceptar responsabilidad por sus respectivas pol\u00edticas de privacidad.<\/p>\n<p>Eres libre de rechazar nuestra solicitud de informaci\u00f3n personal, entendiendo que puede que no podamos proporcionarte algunos de los servicios que deseas.<\/p>\n<p>Tu uso continuado de nuestro sitio web ser\u00e1 considerado como aceptaci\u00f3n de nuestras pr\u00e1cticas relacionadas con la privacidad y la informaci\u00f3n personal. Si tienes alguna pregunta sobre c\u00f3mo manejamos los datos y la informaci\u00f3n personal de los usuarios, no dudes en contactarnos.<\/p>\n<h2>Pol\u00edtica de Cookies de Bossa Online Training<\/h2>\n<p>Esta es la Pol\u00edtica de Cookies de Bossa Online Training.<\/p>\n<h3>\u00bfQu\u00e9 son las cookies?<\/h3>\n<p>Como es pr\u00e1ctica com\u00fan en casi todos los sitios web profesionales, este sitio utiliza cookies, que son peque\u00f1os archivos descargados en tu ordenador, para mejorar tu experiencia. Esta p\u00e1gina describe qu\u00e9 informaci\u00f3n recopilan, c\u00f3mo la usamos y por qu\u00e9 a veces necesitamos almacenar estas cookies. Tambi\u00e9n te explicamos c\u00f3mo puedes evitar que se almacenen, aunque esto puede afectar negativamente la funcionalidad del sitio.<\/p>\n<h3>C\u00f3mo usamos las cookies<\/h3>\n<p>Usamos cookies por diversas razones detalladas a continuaci\u00f3n. Desafortunadamente, en la mayor\u00eda de los casos no existen opciones est\u00e1ndar para desactivar las cookies sin deshabilitar por completo la funcionalidad que a\u00f1aden al sitio. Se recomienda dejar todas las cookies activadas si no est\u00e1s seguro de si las necesitas o no, en caso de que se utilicen para proporcionar un servicio que usas.<\/p>\n<h3>Desactivaci\u00f3n de cookies<\/h3>\n<p>Puedes evitar la instalaci\u00f3n de cookies ajustando la configuraci\u00f3n de tu navegador (consulta la ayuda de tu navegador para saber c\u00f3mo hacerlo). Ten en cuenta que desactivar cookies afectar\u00e1 la funcionalidad de este y muchos otros sitios web que visites. Por lo general, desactivar cookies tambi\u00e9n desactivar\u00e1 ciertas funciones y caracter\u00edsticas de este sitio. Por ello, se recomienda no desactivarlas.<\/p>\n<h3>Cookies que utilizamos<\/h3>\n<ul>\n<li><strong>Cookies relacionadas con la cuenta:<\/strong> Si creas una cuenta con nosotros, utilizaremos cookies para la gesti\u00f3n del proceso de registro y la administraci\u00f3n general. Estas cookies normalmente se eliminan al cerrar sesi\u00f3n, aunque en algunos casos pueden permanecer para recordar tus preferencias del sitio.<\/li>\n<li><strong>Cookies de inicio de sesi\u00f3n:<\/strong> Utilizamos cookies mientras est\u00e1s conectado para evitar que tengas que iniciar sesi\u00f3n en cada p\u00e1gina nueva. Se eliminan o borran al cerrar sesi\u00f3n para garantizar el acceso seguro a \u00e1reas restringidas.<\/li>\n<li><strong>Cookies de boletines:<\/strong> Este sitio puede ofrecer servicios de suscripci\u00f3n por correo electr\u00f3nico y se utilizan cookies para recordar si ya est\u00e1s registrado y mostrar o no ciertas notificaciones.<\/li>\n<li><strong>Cookies de encuestas:<\/strong> Ocasionalmente ofrecemos encuestas o cuestionarios para proporcionar informaci\u00f3n \u00fatil o comprender mejor nuestra base de usuarios. Las cookies se pueden usar para recordar qui\u00e9n ya ha participado o para mostrar resultados correctos.<\/li>\n<li><strong>Cookies de formularios:<\/strong> Al enviar datos mediante un formulario, se pueden guardar cookies para recordar tus datos de usuario para futuras comunicaciones.<\/li>\n<li><strong>Cookies de preferencias del sitio:<\/strong> Para brindarte una mejor experiencia, almacenamos tus preferencias. Para recordarlas, usamos cookies que se activan cada vez que interact\u00faas con una p\u00e1gina afectada por ellas.<\/li>\n<\/ul>\n<h3>Cookies de terceros<\/h3>\n<p>En algunos casos especiales tambi\u00e9n utilizamos cookies proporcionadas por terceros de confianza. A continuaci\u00f3n, explicamos cu\u00e1les podr\u00edas encontrar en este sitio:<\/p>\n<ul>\n<li>Este sitio utiliza Google Analytics, una de las soluciones de an\u00e1lisis m\u00e1s confiables de la web, para ayudarnos a entender c\u00f3mo usas el sitio y mejorar tu experiencia.<\/li>\n<li>Usamos an\u00e1lisis de terceros para rastrear el uso del sitio y mejorar nuestro contenido. Estas cookies pueden seguir p\u00e1ginas visitadas y tiempo de uso.<\/li>\n<li>Probamos nuevas funciones ocasionalmente, y las cookies aseguran una experiencia coherente durante las pruebas.<\/li>\n<li>Como vendemos productos, es importante conocer cu\u00e1ntos visitantes hacen una compra, y estas cookies ayudan a calcular estad\u00edsticas clave para nuestras estrategias comerciales.<\/li>\n<li>Utilizamos botones y\/o complementos de redes sociales como Facebook, Instagram, Twitter, LinkedIn y Google, que pueden establecer cookies para mejorar tu perfil o recopilar datos seg\u00fan sus pol\u00edticas de privacidad.<\/li>\n<\/ul>\n<h3>M\u00e1s informaci\u00f3n<\/h3>\n<p>Esperamos haber aclarado tus dudas. Como se mencion\u00f3 antes, si no est\u00e1s seguro de necesitar una funci\u00f3n, lo m\u00e1s seguro es mantener las cookies activadas para garantizar una experiencia completa en nuestro sitio.<\/p>\n<p><strong>Esta pol\u00edtica es v\u00e1lida desde enero de 2021.<\/strong><\/p>\n","protected":false},"excerpt":{"rendered":"<p>Tu privacidad es importante para nosotros. Es pol\u00edtica de Bossa Online Training respetar tu privacidad en relaci\u00f3n con cualquier informaci\u00f3n que podamos recopilar en nuestro sitio web, BossaOT.com, y otros sitios que poseemos y operamos. Solicitamos informaci\u00f3n personal solo cuando realmente la necesitamos para ofrecerte un servicio. La recopilamos por medios justos y legales, con [&hellip;]<\/p>\n","protected":false},"author":1,"featured_media":9856,"parent":0,"menu_order":0,"comment_status":"closed","ping_status":"closed","template":"","meta":{"_acf_changed":false,"footnotes":""},"class_list":["post-13117","page","type-page","status-publish","has-post-thumbnail","hentry"],"acf":[],"_links":{"self":[{"href":"https:\/\/v3.bossaot.com\/es\/wp-json\/wp\/v2\/pages\/13117","targetHints":{"allow":["GET"]}}],"collection":[{"href":"https:\/\/v3.bossaot.com\/es\/wp-json\/wp\/v2\/pages"}],"about":[{"href":"https:\/\/v3.bossaot.com\/es\/wp-json\/wp\/v2\/types\/page"}],"author":[{"embeddable":true,"href":"https:\/\/v3.bossaot.com\/es\/wp-json\/wp\/v2\/users\/1"}],"replies":[{"embeddable":true,"href":"https:\/\/v3.bossaot.com\/es\/wp-json\/wp\/v2\/comments?post=13117"}],"version-history":[{"count":1,"href":"https:\/\/v3.bossaot.com\/es\/wp-json\/wp\/v2\/pages\/13117\/revisions"}],"predecessor-version":[{"id":13118,"href":"https:\/\/v3.bossaot.com\/es\/wp-json\/wp\/v2\/pages\/13117\/revisions\/13118"}],"wp:featuredmedia":[{"embeddable":true,"href":"https:\/\/v3.bossaot.com\/es\/wp-json\/wp\/v2\/media\/9856"}],"wp:attachment":[{"href":"https:\/\/v3.bossaot.com\/es\/wp-json\/wp\/v2\/media?parent=13117"}],"curies":[{"name":"wp","href":"https:\/\/api.w.org\/{rel}","templated":true}]}}