{"id":13131,"date":"2025-05-07T15:14:52","date_gmt":"2025-05-07T14:14:52","guid":{"rendered":"https:\/\/v3.bossaot.com\/?page_id=13131"},"modified":"2025-05-07T15:19:10","modified_gmt":"2025-05-07T14:19:10","slug":"terminos-de-servicio","status":"publish","type":"page","link":"https:\/\/v3.bossaot.com\/es\/terminos-de-servicio\/","title":{"rendered":"T\u00e9rminos de Servicio"},"content":{"rendered":"<p>Al acceder al sitio web de <strong>Bossa Online Training<\/strong>, usted acepta estar sujeto a estos t\u00e9rminos de servicio,<br \/>\ntodas las leyes y regulaciones aplicables, y acepta que es responsable del cumplimiento de cualquier ley local aplicable.<br \/>\nSi no est\u00e1 de acuerdo con alguno de estos t\u00e9rminos, se le proh\u00edbe usar o acceder a este sitio.<br \/>\nLos materiales contenidos en este sitio web est\u00e1n protegidos por las leyes de derechos de autor y marcas registradas aplicables.<\/p>\n<h3>Licencia de Uso<\/h3>\n<p>Se concede permiso para descargar temporalmente una copia de los materiales (informaci\u00f3n o software) del sitio web de<br \/>\n<strong>Bossa Online Training<\/strong> solo para visualizaci\u00f3n transitoria personal y no comercial.<br \/>\nEsto constituye la concesi\u00f3n de una licencia, no una transferencia de t\u00edtulo, y bajo esta licencia usted no puede:<\/p>\n<ul>\n<li>modificar o copiar los materiales;<\/li>\n<li>utilizar los materiales con fines comerciales o para exhibiciones p\u00fablicas (comerciales o no comerciales);<\/li>\n<li>intentar descompilar o aplicar ingenier\u00eda inversa a cualquier software contenido en el sitio web de Bossa Online Training;<\/li>\n<li>eliminar cualquier aviso de derechos de autor u otras notas de propiedad de los materiales; o<\/li>\n<li>transferir los materiales a otra persona o \u201cespejarlos\u201d en cualquier otro servidor.<\/li>\n<\/ul>\n<p>Esta licencia terminar\u00e1 autom\u00e1ticamente si usted incumple cualquiera de estas restricciones y puede ser terminada por<br \/>\n<strong>Bossa Online Training<\/strong> en cualquier momento. Al finalizar la visualizaci\u00f3n de estos materiales o al terminar esta licencia,<br \/>\ndebe destruir cualquier material descargado que tenga en su posesi\u00f3n, ya sea en formato electr\u00f3nico o impreso.<\/p>\n<h3>Exenci\u00f3n de Responsabilidad<\/h3>\n<p>Los materiales del sitio web de <strong>Bossa Online Training<\/strong> se proporcionan \u00abtal cual\u00bb.<br \/>\nBossa Online Training no ofrece garant\u00edas, expresas o impl\u00edcitas, y por la presente renuncia y niega todas las dem\u00e1s garant\u00edas,<br \/>\nincluidas, entre otras, las garant\u00edas impl\u00edcitas de comercializaci\u00f3n, idoneidad para un prop\u00f3sito espec\u00edfico o no infracci\u00f3n de propiedad intelectual u otros derechos.<\/p>\n<p>Adem\u00e1s, Bossa Online Training no garantiza ni hace declaraciones sobre la precisi\u00f3n, los resultados probables o la fiabilidad<br \/>\ndel uso de los materiales en su sitio web o relacionados de otra manera con dichos materiales o en cualquier sitio vinculado.<\/p>\n<h3>Limitaciones<\/h3>\n<p>En ning\u00fan caso <strong>Bossa Online Training<\/strong> o sus proveedores ser\u00e1n responsables de ning\u00fan da\u00f1o (incluidos, entre otros,<br \/>\nda\u00f1os por p\u00e9rdida de datos o beneficios, o debido a la interrupci\u00f3n del negocio) que surja del uso o la imposibilidad de usar los materiales<br \/>\nen el sitio web de Bossa Online Training, incluso si Bossa Online Training o un representante autorizado han sido informados oral o por escrito<br \/>\nde la posibilidad de dichos da\u00f1os. Dado que algunas jurisdicciones no permiten limitaciones a las garant\u00edas impl\u00edcitas o a la responsabilidad por da\u00f1os<br \/>\nconsecuentes o incidentales, estas limitaciones pueden no aplicarse a usted.<\/p>\n<h3>Precisi\u00f3n de los Materiales<\/h3>\n<p>Los materiales que aparecen en el sitio web de <strong>Bossa Online Training<\/strong> pueden incluir errores t\u00e9cnicos, tipogr\u00e1ficos o fotogr\u00e1ficos.<br \/>\nBossa Online Training no garantiza que ninguno de los materiales en su sitio web sea exacto, completo o actual.<br \/>\nBossa Online Training puede hacer cambios a los materiales contenidos en su sitio web en cualquier momento sin previo aviso.<br \/>\nSin embargo, Bossa Online Training no se compromete a actualizar los materiales.<\/p>\n<h3>Enlaces<\/h3>\n<p>Bossa Online Training no ha revisado todos los sitios vinculados a su sitio web y no es responsable del contenido de dichos sitios.<br \/>\nLa inclusi\u00f3n de cualquier enlace no implica la aprobaci\u00f3n por parte de Bossa Online Training del sitio.<br \/>\nEl uso de cualquier sitio web vinculado es bajo el propio riesgo del usuario.<\/p>\n<h3>Modificaciones<\/h3>\n<p>Bossa Online Training puede revisar estos t\u00e9rminos de servicio de su sitio web en cualquier momento sin previo aviso.<br \/>\nAl utilizar este sitio web, usted acepta estar sujeto a la versi\u00f3n actual de estos t\u00e9rminos de servicio.<\/p>\n<h3>Ley Aplicable<\/h3>\n<p>Estos t\u00e9rminos y condiciones se rigen e interpretan de acuerdo con las leyes de <strong>Bossa Online Training<\/strong>,<br \/>\ny usted se somete irrevocablemente a la jurisdicci\u00f3n exclusiva de los tribunales de dicha localidad.<\/p>\n","protected":false},"excerpt":{"rendered":"<p>Al acceder al sitio web de Bossa Online Training, usted acepta estar sujeto a estos t\u00e9rminos de servicio, todas las leyes y regulaciones aplicables, y acepta que es responsable del cumplimiento de cualquier ley local aplicable. Si no est\u00e1 de acuerdo con alguno de estos t\u00e9rminos, se le proh\u00edbe usar o acceder a este sitio. [&hellip;]<\/p>\n","protected":false},"author":1,"featured_media":9856,"parent":0,"menu_order":0,"comment_status":"closed","ping_status":"closed","template":"","meta":{"_acf_changed":false,"footnotes":""},"class_list":["post-13131","page","type-page","status-publish","has-post-thumbnail","hentry"],"acf":[],"_links":{"self":[{"href":"https:\/\/v3.bossaot.com\/es\/wp-json\/wp\/v2\/pages\/13131","targetHints":{"allow":["GET"]}}],"collection":[{"href":"https:\/\/v3.bossaot.com\/es\/wp-json\/wp\/v2\/pages"}],"about":[{"href":"https:\/\/v3.bossaot.com\/es\/wp-json\/wp\/v2\/types\/page"}],"author":[{"embeddable":true,"href":"https:\/\/v3.bossaot.com\/es\/wp-json\/wp\/v2\/users\/1"}],"replies":[{"embeddable":true,"href":"https:\/\/v3.bossaot.com\/es\/wp-json\/wp\/v2\/comments?post=13131"}],"version-history":[{"count":1,"href":"https:\/\/v3.bossaot.com\/es\/wp-json\/wp\/v2\/pages\/13131\/revisions"}],"predecessor-version":[{"id":13132,"href":"https:\/\/v3.bossaot.com\/es\/wp-json\/wp\/v2\/pages\/13131\/revisions\/13132"}],"wp:featuredmedia":[{"embeddable":true,"href":"https:\/\/v3.bossaot.com\/es\/wp-json\/wp\/v2\/media\/9856"}],"wp:attachment":[{"href":"https:\/\/v3.bossaot.com\/es\/wp-json\/wp\/v2\/media?parent=13131"}],"curies":[{"name":"wp","href":"https:\/\/api.w.org\/{rel}","templated":true}]}}