{"id":12910,"date":"2018-07-26T07:17:24","date_gmt":"2018-07-26T06:17:24","guid":{"rendered":"https:\/\/v3.bossaot.com\/?page_id=12910"},"modified":"2025-07-14T15:33:45","modified_gmt":"2025-07-14T14:33:45","slug":"a-propos","status":"publish","type":"page","link":"https:\/\/v3.bossaot.com\/fr\/a-propos\/","title":{"rendered":"\u00c0 propos de nous"},"content":{"rendered":"\t\t<div data-elementor-type=\"wp-page\" data-elementor-id=\"12910\" class=\"elementor elementor-12910 elementor-392\" data-elementor-post-type=\"page\">\n\t\t\t\t<div class=\"elementor-element elementor-element-914ffa4 e-grid e-con-boxed e-con e-parent\" data-id=\"914ffa4\" data-element_type=\"container\">\n\t\t\t\t\t<div class=\"e-con-inner\">\n\t\t\t\t<div class=\"elementor-element elementor-element-89b0d57 elementor-widget elementor-widget-text-editor\" data-id=\"89b0d57\" data-element_type=\"widget\" data-widget_type=\"text-editor.default\">\n\t\t\t\t<div class=\"elementor-widget-container\">\n\t\t\t\t\t\t\t\t\t<p class=\"\" data-start=\"47\" data-end=\"357\"><strong data-start=\"47\" data-end=\"78\">BOT \u2013 Bossa Online Training<\/strong> offre aux sp\u00e9cialistes du tourisme l\u2019opportunit\u00e9 d\u2019approfondir leurs connaissances sur les destinations et les produits touristiques gr\u00e2ce \u00e0 des formations en ligne. Ces cours permettent aux professionnels du voyage de se perfectionner et de devenir experts dans leur domaine.<\/p>\n<p class=\"\" data-start=\"359\" data-end=\"655\">Apr\u00e8s votre inscription sur <strong data-start=\"387\" data-end=\"418\">BOT \u2013 Bossa Online Training<\/strong>, vous aurez un acc\u00e8s imm\u00e9diat \u00e0 toutes nos formations en ligne. Notre plateforme vous permet de passer facilement d\u2019un programme \u00e0 un autre, vous assurant ainsi de rester constamment \u00e0 jour avec les derni\u00e8res initiatives de formation.<\/p>\n<p class=\"\" data-start=\"657\" data-end=\"870\"><strong data-start=\"657\" data-end=\"688\">BOT \u2013 Bossa Online Training<\/strong> vous permet \u00e9galement de b\u00e9n\u00e9ficier d\u2019avantages pour la r\u00e9ussite de certains cours et vous informe en permanence sur votre progression tout au long de votre parcours de formation.<\/p>\n<p class=\"\" data-start=\"872\" data-end=\"1091\">Une fois inscrit(e), vous recevrez des informations d\u00e8s que de nouveaux cours, destinations, \u00e9v\u00e9nements, voyages de familiarisation, concours et incentives seront disponibles, ainsi que d\u2019autres actualit\u00e9s du secteur.<\/p>\n\t\t\t\t\t\t\t\t<\/div>\n\t\t\t\t<\/div>\n\t\t\t\t<div class=\"elementor-element elementor-element-db84b21 elementor-widget elementor-widget-image\" data-id=\"db84b21\" data-element_type=\"widget\" data-widget_type=\"image.default\">\n\t\t\t\t<div class=\"elementor-widget-container\">\n\t\t\t\t\t\t\t\t\t\t\t\t\t\t\t<img fetchpriority=\"high\" decoding=\"async\" width=\"1024\" height=\"1014\" src=\"https:\/\/v3.bossaot.com\/wp-content\/uploads\/2024\/07\/student_online_png-1024x1014.png\" class=\"attachment-large size-large wp-image-12902\" alt=\"\" srcset=\"https:\/\/v3.bossaot.com\/wp-content\/uploads\/2024\/07\/student_online_png-1024x1014.png 1024w, https:\/\/v3.bossaot.com\/wp-content\/uploads\/2024\/07\/student_online_png-300x297.png 300w, https:\/\/v3.bossaot.com\/wp-content\/uploads\/2024\/07\/student_online_png-150x150.png 150w, https:\/\/v3.bossaot.com\/wp-content\/uploads\/2024\/07\/student_online_png-768x760.png 768w, https:\/\/v3.bossaot.com\/wp-content\/uploads\/2024\/07\/student_online_png-75x75.png 75w, https:\/\/v3.bossaot.com\/wp-content\/uploads\/2024\/07\/student_online_png-129x129.png 129w, https:\/\/v3.bossaot.com\/wp-content\/uploads\/2024\/07\/student_online_png-122x120.png 122w, https:\/\/v3.bossaot.com\/wp-content\/uploads\/2024\/07\/student_online_png-69x69.png 69w, https:\/\/v3.bossaot.com\/wp-content\/uploads\/2024\/07\/student_online_png-600x594.png 600w, https:\/\/v3.bossaot.com\/wp-content\/uploads\/2024\/07\/student_online_png-100x100.png 100w, https:\/\/v3.bossaot.com\/wp-content\/uploads\/2024\/07\/student_online_png.png 1200w\" sizes=\"(max-width: 1024px) 100vw, 1024px\" \/>\t\t\t\t\t\t\t\t\t\t\t\t\t\t\t<\/div>\n\t\t\t\t<\/div>\n\t\t\t\t\t<\/div>\n\t\t\t\t<\/div>\n\t\t<div class=\"elementor-element elementor-element-55009e2 e-flex e-con-boxed e-con e-parent\" data-id=\"55009e2\" data-element_type=\"container\">\n\t\t\t\t\t<div class=\"e-con-inner\">\n\t\t<div class=\"elementor-element elementor-element-b6adcb9 e-grid e-con-full e-con e-child\" data-id=\"b6adcb9\" data-element_type=\"container\">\n\t\t\t\t<div class=\"elementor-element elementor-element-ad176a6 elementor-widget elementor-widget-icon-box\" data-id=\"ad176a6\" data-element_type=\"widget\" data-widget_type=\"icon-box.default\">\n\t\t\t\t<div class=\"elementor-widget-container\">\n\t\t\t\t\t\t\t<div class=\"elementor-icon-box-wrapper\">\n\n\t\t\t\n\t\t\t\t\t\t<div class=\"elementor-icon-box-content\">\n\n\t\t\t\t\t\t\t\t\t<h3 class=\"elementor-icon-box-title\">\n\t\t\t\t\t\t<span  >\n\t\t\t\t\t\t\tGRATUIT &amp; ACCESSIBLE\t\t\t\t\t\t<\/span>\n\t\t\t\t\t<\/h3>\n\t\t\t\t\n\t\t\t\t\t\t\t\t\t<p class=\"elementor-icon-box-description\">\n\t\t\t\t\t\tTous nos cours sont en acc\u00e8s libre. Plongez dans nos ressources et commencez votre aventure d\u00e8s aujourd\u2019hui !\n\n\t\t\t\t\t<\/p>\n\t\t\t\t\n\t\t\t<\/div>\n\t\t\t\n\t\t<\/div>\n\t\t\t\t\t\t<\/div>\n\t\t\t\t<\/div>\n\t\t\t\t<div class=\"elementor-element elementor-element-a0e3857 elementor-widget elementor-widget-icon-box\" data-id=\"a0e3857\" data-element_type=\"widget\" data-widget_type=\"icon-box.default\">\n\t\t\t\t<div class=\"elementor-widget-container\">\n\t\t\t\t\t\t\t<div class=\"elementor-icon-box-wrapper\">\n\n\t\t\t\n\t\t\t\t\t\t<div class=\"elementor-icon-box-content\">\n\n\t\t\t\t\t\t\t\t\t<h3 class=\"elementor-icon-box-title\">\n\t\t\t\t\t\t<span  >\n\t\t\t\t\t\t\tINTERACTIF\t\t\t\t\t\t<\/span>\n\t\t\t\t\t<\/h3>\n\t\t\t\t\n\t\t\t\t\t\t\t\t\t<p class=\"elementor-icon-box-description\">\n\t\t\t\t\t\tRestez toujours \u00e0 jour avec les derni\u00e8res formations disponibles.\n\n\t\t\t\t\t<\/p>\n\t\t\t\t\n\t\t\t<\/div>\n\t\t\t\n\t\t<\/div>\n\t\t\t\t\t\t<\/div>\n\t\t\t\t<\/div>\n\t\t\t\t<div class=\"elementor-element elementor-element-28cae84 elementor-widget elementor-widget-icon-box\" data-id=\"28cae84\" data-element_type=\"widget\" data-widget_type=\"icon-box.default\">\n\t\t\t\t<div class=\"elementor-widget-container\">\n\t\t\t\t\t\t\t<div class=\"elementor-icon-box-wrapper\">\n\n\t\t\t\n\t\t\t\t\t\t<div class=\"elementor-icon-box-content\">\n\n\t\t\t\t\t\t\t\t\t<h3 class=\"elementor-icon-box-title\">\n\t\t\t\t\t\t<span  >\n\t\t\t\t\t\t\tFLEXIBILIT\u00c9\t\t\t\t\t\t<\/span>\n\t\t\t\t\t<\/h3>\n\t\t\t\t\n\t\t\t\t\t\t\t\t\t<p class=\"elementor-icon-box-description\">\n\t\t\t\t\t\tAcc\u00e9dez aux cours \u00e0 tout moment, sans limite de temps pour les compl\u00e9ter.\n\n\t\t\t\t\t<\/p>\n\t\t\t\t\n\t\t\t<\/div>\n\t\t\t\n\t\t<\/div>\n\t\t\t\t\t\t<\/div>\n\t\t\t\t<\/div>\n\t\t\t\t<div class=\"elementor-element elementor-element-aaef544 elementor-widget elementor-widget-icon-box\" data-id=\"aaef544\" data-element_type=\"widget\" data-widget_type=\"icon-box.default\">\n\t\t\t\t<div class=\"elementor-widget-container\">\n\t\t\t\t\t\t\t<div class=\"elementor-icon-box-wrapper\">\n\n\t\t\t\n\t\t\t\t\t\t<div class=\"elementor-icon-box-content\">\n\n\t\t\t\t\t\t\t\t\t<h3 class=\"elementor-icon-box-title\">\n\t\t\t\t\t\t<span  >\n\t\t\t\t\t\t\tCERTIFICAT DIGITAL\t\t\t\t\t\t<\/span>\n\t\t\t\t\t<\/h3>\n\t\t\t\t\n\t\t\t\t\t\t\t\t\t<p class=\"elementor-icon-box-description\">\n\t\t\t\t\t\tChaque formation inclut des examens reconnus par la destination ou le produit touristique concern\u00e9.\n\n\t\t\t\t\t<\/p>\n\t\t\t\t\n\t\t\t<\/div>\n\t\t\t\n\t\t<\/div>\n\t\t\t\t\t\t<\/div>\n\t\t\t\t<\/div>\n\t\t\t\t<\/div>\n\t\t\t\t\t<\/div>\n\t\t\t\t<\/div>\n\t\t<div class=\"elementor-element elementor-element-8061f2e e-flex e-con-boxed e-con e-parent\" data-id=\"8061f2e\" data-element_type=\"container\">\n\t\t\t\t\t<div class=\"e-con-inner\">\n\t\t\t\t<div class=\"elementor-element elementor-element-9665067 elementor-widget elementor-widget-text-editor\" data-id=\"9665067\" data-element_type=\"widget\" data-widget_type=\"text-editor.default\">\n\t\t\t\t<div class=\"elementor-widget-container\">\n\t\t\t\t\t\t\t\t\t<p class=\"\" data-start=\"47\" data-end=\"269\"><strong data-start=\"47\" data-end=\"116\">Gagnez des prix et des places pour des voyages de familiarisation<\/strong><br data-start=\"116\" data-end=\"119\" \/>Des concours passionnants ! Remportez une place pour un voyage de familiarisation ou l\u2019un des nombreux prix offerts par nos programmes de formation.<\/p>\n<p class=\"\" data-start=\"271\" data-end=\"592\"><strong data-start=\"271\" data-end=\"341\">Certificat t\u00e9l\u00e9chargeable pour valider votre statut de sp\u00e9cialiste<\/strong><br data-start=\"341\" data-end=\"344\" \/>Chaque programme de formation comprend des examens reconnus par la destination ou le produit touristique concern\u00e9. Une fois le cours termin\u00e9 avec succ\u00e8s, vous pourrez t\u00e9l\u00e9charger et imprimer un certificat attestant de votre statut de sp\u00e9cialiste.<\/p>\n<p class=\"\" data-start=\"594\" data-end=\"718\"><strong data-start=\"594\" data-end=\"625\">BOT \u2013 Bossa Online Training<\/strong> : profitez de nos formations en ligne et devenez un <strong data-start=\"678\" data-end=\"714\">sp\u00e9cialiste dans votre domaine<\/strong>\u00a0!<\/p>\n\t\t\t\t\t\t\t\t<\/div>\n\t\t\t\t<\/div>\n\t\t\t\t\t<\/div>\n\t\t\t\t<\/div>\n\t\t<div class=\"elementor-element elementor-element-d0e4cbe e-flex e-con-boxed e-con e-parent\" data-id=\"d0e4cbe\" data-element_type=\"container\">\n\t\t\t\t\t<div class=\"e-con-inner\">\n\t\t\t\t<div class=\"elementor-element elementor-element-6c343c7 elementor-align-center elementor-widget elementor-widget-button\" data-id=\"6c343c7\" data-element_type=\"widget\" data-widget_type=\"button.default\">\n\t\t\t\t<div class=\"elementor-widget-container\">\n\t\t\t\t\t\t\t\t\t<div class=\"elementor-button-wrapper icon_align_  \">\n\t\t\t\t\t<a class=\"elementor-button elementor-button-link elementor-size-sm\" href=\"https:\/\/v3.bossaot.com\/fr\/register\/\">\n\t\t\t\t\t\t<span class=\"elementor-button-content-wrapper\">\n\t\t\t\t\t\t\t\t\t<span class=\"elementor-button-text\">S'inscrire maintenant<\/span>\n\t\t\t\t\t<\/span>\n\t\t\t\t\t<\/a>\n\t\t\t\t<\/div>\n\t\t\t\t\t\t\t\t<\/div>\n\t\t\t\t<\/div>\n\t\t\t\t\t<\/div>\n\t\t\t\t<\/div>\n\t\t\t\t<\/div>\n\t\t","protected":false},"excerpt":{"rendered":"<p>BOT \u2013 Bossa Online Training offre aux sp\u00e9cialistes du tourisme l\u2019opportunit\u00e9 d\u2019approfondir leurs connaissances sur les destinations et les produits touristiques gr\u00e2ce \u00e0 des formations en ligne. Ces cours permettent aux professionnels du voyage de se perfectionner et de devenir experts dans leur domaine. Apr\u00e8s votre inscription sur BOT \u2013 Bossa Online Training, vous aurez [&hellip;]<\/p>\n","protected":false},"author":1,"featured_media":12913,"parent":0,"menu_order":0,"comment_status":"closed","ping_status":"closed","template":"","meta":{"_acf_changed":false,"footnotes":""},"class_list":["post-12910","page","type-page","status-publish","has-post-thumbnail","hentry"],"acf":[],"_links":{"self":[{"href":"https:\/\/v3.bossaot.com\/fr\/wp-json\/wp\/v2\/pages\/12910","targetHints":{"allow":["GET"]}}],"collection":[{"href":"https:\/\/v3.bossaot.com\/fr\/wp-json\/wp\/v2\/pages"}],"about":[{"href":"https:\/\/v3.bossaot.com\/fr\/wp-json\/wp\/v2\/types\/page"}],"author":[{"embeddable":true,"href":"https:\/\/v3.bossaot.com\/fr\/wp-json\/wp\/v2\/users\/1"}],"replies":[{"embeddable":true,"href":"https:\/\/v3.bossaot.com\/fr\/wp-json\/wp\/v2\/comments?post=12910"}],"version-history":[{"count":8,"href":"https:\/\/v3.bossaot.com\/fr\/wp-json\/wp\/v2\/pages\/12910\/revisions"}],"predecessor-version":[{"id":16255,"href":"https:\/\/v3.bossaot.com\/fr\/wp-json\/wp\/v2\/pages\/12910\/revisions\/16255"}],"wp:featuredmedia":[{"embeddable":true,"href":"https:\/\/v3.bossaot.com\/fr\/wp-json\/wp\/v2\/media\/12913"}],"wp:attachment":[{"href":"https:\/\/v3.bossaot.com\/fr\/wp-json\/wp\/v2\/media?parent=12910"}],"curies":[{"name":"wp","href":"https:\/\/api.w.org\/{rel}","templated":true}]}}