{"id":13135,"date":"2025-05-07T15:14:52","date_gmt":"2025-05-07T14:14:52","guid":{"rendered":"https:\/\/v3.bossaot.com\/?page_id=13135"},"modified":"2025-05-07T15:24:10","modified_gmt":"2025-05-07T14:24:10","slug":"conditions","status":"publish","type":"page","link":"https:\/\/v3.bossaot.com\/fr\/conditions\/","title":{"rendered":"Conditions d&rsquo;Utilisation"},"content":{"rendered":"<p>En acc\u00e9dant au site web de <strong>Bossa Online Training<\/strong>, vous acceptez d&rsquo;\u00eatre li\u00e9 par les pr\u00e9sentes conditions d&rsquo;utilisation,<br \/>\ntoutes les lois et r\u00e9glementations applicables, et vous \u00eates responsable du respect des lois locales en vigueur.<br \/>\nSi vous n&rsquo;acceptez pas l&rsquo;une de ces conditions, il vous est interdit d&rsquo;utiliser ou d&rsquo;acc\u00e9der \u00e0 ce site.<br \/>\nLes contenus de ce site sont prot\u00e9g\u00e9s par les lois sur le droit d&rsquo;auteur et les marques en vigueur.<\/p>\n<h3>Licence d&rsquo;Utilisation<\/h3>\n<p>Il est permis de t\u00e9l\u00e9charger temporairement une copie des documents (informations ou logiciels) du site web de<br \/>\n<strong>Bossa Online Training<\/strong> uniquement pour une consultation personnelle et transitoire \u00e0 des fins non commerciales.<br \/>\nCeci constitue l&rsquo;octroi d&rsquo;une licence, non un transfert de propri\u00e9t\u00e9, et sous cette licence, vous ne pouvez pas :<\/p>\n<ul>\n<li>modifier ou copier les documents ;<\/li>\n<li>utiliser les documents \u00e0 des fins commerciales ou pour une pr\u00e9sentation publique (commerciale ou non commerciale) ;<\/li>\n<li>tenter de d\u00e9compiler ou d&rsquo;effectuer une ing\u00e9nierie inverse de tout logiciel pr\u00e9sent sur le site de Bossa Online Training ;<\/li>\n<li>supprimer les mentions de droit d&rsquo;auteur ou toute autre mention propri\u00e9taire des documents ;<\/li>\n<li>transf\u00e9rer les documents \u00e0 une autre personne ou les \u201crefl\u00e9ter\u201d sur un autre serveur.<\/li>\n<\/ul>\n<p>Cette licence sera automatiquement r\u00e9sili\u00e9e si vous enfreignez l&rsquo;une de ces restrictions, et elle peut \u00eatre r\u00e9sili\u00e9e \u00e0 tout moment par<br \/>\n<strong>Bossa Online Training<\/strong>. \u00c0 la fin de votre consultation ou \u00e0 la fin de cette licence, vous devez d\u00e9truire tous les documents t\u00e9l\u00e9charg\u00e9s,<br \/>\nqu&rsquo;ils soient \u00e9lectroniques ou imprim\u00e9s.<\/p>\n<h3>Clause de Non-Responsabilit\u00e9<\/h3>\n<p>Les documents du site de <strong>Bossa Online Training<\/strong> sont fournis \u00ab\u00a0tels quels\u00a0\u00bb.<br \/>\nBossa Online Training ne donne aucune garantie, expresse ou implicite, et d\u00e9cline toute autre garantie, y compris, mais sans s&rsquo;y limiter,<br \/>\nles garanties implicites de qualit\u00e9 marchande, d&rsquo;ad\u00e9quation \u00e0 un usage particulier ou de non-violation des droits.<\/p>\n<p>De plus, Bossa Online Training ne garantit pas l&rsquo;exactitude, les r\u00e9sultats probables ou la fiabilit\u00e9 de l&rsquo;utilisation des documents<br \/>\nsur son site ou en relation avec ceux-ci ou avec tout site li\u00e9.<\/p>\n<h3>Limitations<\/h3>\n<p>En aucun cas <strong>Bossa Online Training<\/strong> ou ses fournisseurs ne seront responsables de tout dommage (y compris,<br \/>\nsans limitation, les pertes de donn\u00e9es ou de profits, ou les interruptions d&rsquo;activit\u00e9) r\u00e9sultant de l&rsquo;utilisation ou de l&rsquo;incapacit\u00e9<br \/>\n\u00e0 utiliser les documents, m\u00eame si Bossa Online Training ou un repr\u00e9sentant autoris\u00e9 a \u00e9t\u00e9 inform\u00e9 de la possibilit\u00e9 de tels dommages.<\/p>\n<h3>Exactitude des Documents<\/h3>\n<p>Les documents figurant sur le site de <strong>Bossa Online Training<\/strong> peuvent contenir des erreurs techniques, typographiques ou photographiques.<br \/>\nBossa Online Training ne garantit pas que tout contenu soit exact, complet ou \u00e0 jour. Des modifications peuvent \u00eatre apport\u00e9es \u00e0 tout moment sans pr\u00e9avis,<br \/>\nmais il n&rsquo;y a aucun engagement de mise \u00e0 jour.<\/p>\n<h3>Liens<\/h3>\n<p>Bossa Online Training n\u2019a pas examin\u00e9 tous les sites li\u00e9s \u00e0 son site et n\u2019est pas responsable de leur contenu.<br \/>\nL\u2019inclusion d\u2019un lien n\u2019implique pas l\u2019approbation du site par Bossa Online<\/p>\n","protected":false},"excerpt":{"rendered":"<p>En acc\u00e9dant au site web de Bossa Online Training, vous acceptez d&rsquo;\u00eatre li\u00e9 par les pr\u00e9sentes conditions d&rsquo;utilisation, toutes les lois et r\u00e9glementations applicables, et vous \u00eates responsable du respect des lois locales en vigueur. Si vous n&rsquo;acceptez pas l&rsquo;une de ces conditions, il vous est interdit d&rsquo;utiliser ou d&rsquo;acc\u00e9der \u00e0 ce site. Les contenus [&hellip;]<\/p>\n","protected":false},"author":1,"featured_media":13122,"parent":0,"menu_order":0,"comment_status":"closed","ping_status":"closed","template":"","meta":{"_acf_changed":false,"footnotes":""},"class_list":["post-13135","page","type-page","status-publish","has-post-thumbnail","hentry"],"acf":[],"_links":{"self":[{"href":"https:\/\/v3.bossaot.com\/fr\/wp-json\/wp\/v2\/pages\/13135","targetHints":{"allow":["GET"]}}],"collection":[{"href":"https:\/\/v3.bossaot.com\/fr\/wp-json\/wp\/v2\/pages"}],"about":[{"href":"https:\/\/v3.bossaot.com\/fr\/wp-json\/wp\/v2\/types\/page"}],"author":[{"embeddable":true,"href":"https:\/\/v3.bossaot.com\/fr\/wp-json\/wp\/v2\/users\/1"}],"replies":[{"embeddable":true,"href":"https:\/\/v3.bossaot.com\/fr\/wp-json\/wp\/v2\/comments?post=13135"}],"version-history":[{"count":1,"href":"https:\/\/v3.bossaot.com\/fr\/wp-json\/wp\/v2\/pages\/13135\/revisions"}],"predecessor-version":[{"id":13136,"href":"https:\/\/v3.bossaot.com\/fr\/wp-json\/wp\/v2\/pages\/13135\/revisions\/13136"}],"wp:featuredmedia":[{"embeddable":true,"href":"https:\/\/v3.bossaot.com\/fr\/wp-json\/wp\/v2\/media\/13122"}],"wp:attachment":[{"href":"https:\/\/v3.bossaot.com\/fr\/wp-json\/wp\/v2\/media?parent=13135"}],"curies":[{"name":"wp","href":"https:\/\/api.w.org\/{rel}","templated":true}]}}