{"id":13115,"date":"2025-05-07T14:58:06","date_gmt":"2025-05-07T13:58:06","guid":{"rendered":"https:\/\/v3.bossaot.com\/?page_id=13115"},"modified":"2025-05-07T15:04:00","modified_gmt":"2025-05-07T14:04:00","slug":"privacidade","status":"publish","type":"page","link":"https:\/\/v3.bossaot.com\/pt-br\/privacidade\/","title":{"rendered":"Pol\u00edtica de Privacidade"},"content":{"rendered":"<p>Sua privacidade \u00e9 importante para n\u00f3s. \u00c9 pol\u00edtica da Bossa Online Training respeitar sua privacidade em rela\u00e7\u00e3o a qualquer informa\u00e7\u00e3o que possamos coletar em nosso site, BossaOT.com, e outros sites que possu\u00edmos e operamos.<\/p>\n<p>Solicitamos informa\u00e7\u00f5es pessoais apenas quando realmente precisamos delas para lhe fornecer um servi\u00e7o. Coletamos por meios justos e legais, com o seu conhecimento e consentimento. Tamb\u00e9m informamos por que estamos coletando e como ser\u00e1 utilizado.<\/p>\n<p>Retemos as informa\u00e7\u00f5es coletadas apenas pelo tempo necess\u00e1rio para fornecer o servi\u00e7o solicitado. Os dados que armazenamos s\u00e3o protegidos dentro de meios comercialmente aceit\u00e1veis para evitar perdas, roubos, acesso n\u00e3o autorizado, divulga\u00e7\u00e3o, c\u00f3pia, uso ou modifica\u00e7\u00e3o.<\/p>\n<p>N\u00e3o compartilhamos informa\u00e7\u00f5es pessoais identific\u00e1veis publicamente ou com terceiros, exceto quando exigido por lei.<\/p>\n<p>Nosso site pode conter links para sites externos que n\u00e3o s\u00e3o operados por n\u00f3s. Esteja ciente de que n\u00e3o temos controle sobre o conte\u00fado e pr\u00e1ticas desses sites, e n\u00e3o podemos aceitar responsabilidade por suas respectivas pol\u00edticas de privacidade.<\/p>\n<p>Voc\u00ea \u00e9 livre para recusar nossa solicita\u00e7\u00e3o de informa\u00e7\u00f5es pessoais, entendendo que talvez n\u00e3o possamos fornecer alguns dos servi\u00e7os desejados.<\/p>\n<p>O uso cont\u00ednuo de nosso site ser\u00e1 considerado como aceita\u00e7\u00e3o de nossas pr\u00e1ticas em torno da privacidade e das informa\u00e7\u00f5es pessoais. Se voc\u00ea tiver alguma d\u00favida sobre como lidamos com dados e informa\u00e7\u00f5es pessoais dos usu\u00e1rios, entre em contato conosco.<\/p>\n<h2>Pol\u00edtica de Cookies da Bossa Online Training<\/h2>\n<p>Esta \u00e9 a Pol\u00edtica de Cookies da Bossa Online Training.<\/p>\n<h3>O que s\u00e3o cookies<\/h3>\n<p>Como \u00e9 pr\u00e1tica comum em quase todos os sites profissionais, este site usa cookies, que s\u00e3o pequenos arquivos baixados para o seu computador, para melhorar sua experi\u00eancia. Esta p\u00e1gina descreve quais informa\u00e7\u00f5es eles coletam, como as usamos e por que \u00e0s vezes precisamos armazenar esses cookies. Tamb\u00e9m compartilharemos como voc\u00ea pode impedir que esses cookies sejam armazenados, embora isso possa afetar ou &#8220;quebrar&#8221; certos elementos da funcionalidade do site.<\/p>\n<h3>Como usamos cookies<\/h3>\n<p>Utilizamos cookies por diversos motivos detalhados abaixo. Infelizmente, na maioria dos casos, n\u00e3o existem op\u00e7\u00f5es padr\u00e3o do setor para desabilitar cookies sem desabilitar completamente a funcionalidade que eles adicionam ao site. \u00c9 recomend\u00e1vel que voc\u00ea deixe todos os cookies ativados se n\u00e3o tiver certeza se precisa deles, pois podem ser necess\u00e1rios para fornecer um servi\u00e7o que voc\u00ea utiliza.<\/p>\n<h3>Desabilitar cookies<\/h3>\n<p>Voc\u00ea pode impedir a configura\u00e7\u00e3o de cookies ajustando as configura\u00e7\u00f5es do seu navegador (consulte a ajuda do seu navegador para saber como fazer isso). Esteja ciente de que a desativa\u00e7\u00e3o de cookies afetar\u00e1 a funcionalidade deste e de muitos outros sites que voc\u00ea visita. A desativa\u00e7\u00e3o de cookies geralmente resultar\u00e1 tamb\u00e9m na desativa\u00e7\u00e3o de certas funcionalidades e recursos deste site. Portanto, \u00e9 recomend\u00e1vel que voc\u00ea n\u00e3o os desative.<\/p>\n<h3>Cookies que definimos<\/h3>\n<ul>\n<li><strong>Cookies relacionados \u00e0 conta:<\/strong> Se voc\u00ea criar uma conta conosco, usaremos cookies para o gerenciamento do processo de inscri\u00e7\u00e3o e administra\u00e7\u00e3o geral. Esses cookies geralmente s\u00e3o exclu\u00eddos quando voc\u00ea sai da conta, mas em alguns casos podem permanecer para lembrar suas prefer\u00eancias do site quando desconectado.<\/li>\n<li><strong>Cookies de login:<\/strong> Utilizamos cookies quando voc\u00ea est\u00e1 logado para que possamos lembrar disso. Isso evita que voc\u00ea precise fazer login sempre que visitar uma nova p\u00e1gina. Esses cookies geralmente s\u00e3o removidos ou limpos ao fazer logout para garantir que voc\u00ea s\u00f3 possa acessar recursos restritos enquanto estiver conectado.<\/li>\n<li><strong>Cookies de boletins informativos:<\/strong> Este site oferece servi\u00e7os de assinatura de boletins ou e-mails e os cookies podem ser usados para lembrar se voc\u00ea j\u00e1 est\u00e1 registrado e se deve exibir determinadas notifica\u00e7\u00f5es que s\u00f3 se aplicam a usu\u00e1rios inscritos\/n\u00e3o inscritos.<\/li>\n<li><strong>Cookies de pesquisas:<\/strong> Ocasionalmente, oferecemos pesquisas e question\u00e1rios para fornecer insights \u00fateis ou entender melhor nossa base de usu\u00e1rios. Esses cookies podem lembrar quem j\u00e1 participou ou fornecer resultados precisos ao mudar de p\u00e1gina.<\/li>\n<li><strong>Cookies de formul\u00e1rios:<\/strong> Ao enviar dados por meio de um formul\u00e1rio, como os encontrados nas p\u00e1ginas de contato, os cookies podem ser configurados para lembrar seus dados de usu\u00e1rio para correspond\u00eancia futura.<\/li>\n<li><strong>Cookies de prefer\u00eancias do site:<\/strong> Para proporcionar uma experi\u00eancia personalizada, armazenamos suas prefer\u00eancias. Para lembrar essas prefer\u00eancias, precisamos definir cookies para que essa informa\u00e7\u00e3o seja usada sempre que voc\u00ea interagir com uma p\u00e1gina afetada por elas.<\/li>\n<\/ul>\n<h3>Cookies de terceiros<\/h3>\n<p>Em alguns casos especiais, tamb\u00e9m usamos cookies fornecidos por terceiros confi\u00e1veis. A seguir, explicamos quais cookies de terceiros voc\u00ea pode encontrar atrav\u00e9s deste site:<\/p>\n<ul>\n<li>Este site usa o Google Analytics, uma das solu\u00e7\u00f5es de an\u00e1lise mais confi\u00e1veis e difundidas na web, para nos ajudar a entender como voc\u00ea usa o site e como podemos melhorar sua experi\u00eancia. Esses cookies podem rastrear quanto tempo voc\u00ea passa no site e as p\u00e1ginas que visita.<\/li>\n<li>Utilizamos an\u00e1lises de terceiros para acompanhar o uso do site e continuar a produzir conte\u00fado interessante. Esses cookies podem rastrear p\u00e1ginas visitadas e tempo de navega\u00e7\u00e3o.<\/li>\n<li>Testamos novos recursos ocasionalmente, e esses cookies ajudam a garantir uma experi\u00eancia consistente durante testes e a entender quais melhorias os usu\u00e1rios preferem.<\/li>\n<li>Como vendemos produtos, \u00e9 importante entender as estat\u00edsticas sobre quantos visitantes fazem uma compra, e esses cookies ajudam a gerar previs\u00f5es de neg\u00f3cios precisas.<\/li>\n<li>Tamb\u00e9m usamos bot\u00f5es de redes sociais e\/ou plugins que permitem que voc\u00ea se conecte com sua rede social. Para funcionar, sites como Facebook, Instagram, Twitter, LinkedIn e Google podem definir cookies que contribuem para seus perfis ou an\u00e1lises conforme descrito em suas pol\u00edticas de privacidade.<\/li>\n<\/ul>\n<h3>Mais informa\u00e7\u00f5es<\/h3>\n<p>Esperamos que isso tenha esclarecido suas d\u00favidas. Como mencionado anteriormente, se voc\u00ea n\u00e3o tiver certeza se precisa de algum recurso, \u00e9 mais seguro deixar os cookies ativados, caso interajam com algum recurso que voc\u00ea use em nosso site.<\/p>\n<p><strong>Esta pol\u00edtica \u00e9 v\u00e1lida a partir de janeiro de 2021.<\/strong><\/p>\n","protected":false},"excerpt":{"rendered":"<p>Sua privacidade \u00e9 importante para n\u00f3s. \u00c9 pol\u00edtica da Bossa Online Training respeitar sua privacidade em rela\u00e7\u00e3o a qualquer informa\u00e7\u00e3o que possamos coletar em nosso site, BossaOT.com, e outros sites que possu\u00edmos e operamos. Solicitamos informa\u00e7\u00f5es pessoais apenas quando realmente precisamos delas para lhe fornecer um servi\u00e7o. Coletamos por meios justos e legais, com o [&hellip;]<\/p>\n","protected":false},"author":1,"featured_media":9855,"parent":0,"menu_order":0,"comment_status":"closed","ping_status":"closed","template":"","meta":{"_acf_changed":false,"footnotes":""},"class_list":["post-13115","page","type-page","status-publish","has-post-thumbnail","hentry"],"acf":[],"_links":{"self":[{"href":"https:\/\/v3.bossaot.com\/pt-br\/wp-json\/wp\/v2\/pages\/13115","targetHints":{"allow":["GET"]}}],"collection":[{"href":"https:\/\/v3.bossaot.com\/pt-br\/wp-json\/wp\/v2\/pages"}],"about":[{"href":"https:\/\/v3.bossaot.com\/pt-br\/wp-json\/wp\/v2\/types\/page"}],"author":[{"embeddable":true,"href":"https:\/\/v3.bossaot.com\/pt-br\/wp-json\/wp\/v2\/users\/1"}],"replies":[{"embeddable":true,"href":"https:\/\/v3.bossaot.com\/pt-br\/wp-json\/wp\/v2\/comments?post=13115"}],"version-history":[{"count":1,"href":"https:\/\/v3.bossaot.com\/pt-br\/wp-json\/wp\/v2\/pages\/13115\/revisions"}],"predecessor-version":[{"id":13116,"href":"https:\/\/v3.bossaot.com\/pt-br\/wp-json\/wp\/v2\/pages\/13115\/revisions\/13116"}],"wp:featuredmedia":[{"embeddable":true,"href":"https:\/\/v3.bossaot.com\/pt-br\/wp-json\/wp\/v2\/media\/9855"}],"wp:attachment":[{"href":"https:\/\/v3.bossaot.com\/pt-br\/wp-json\/wp\/v2\/media?parent=13115"}],"curies":[{"name":"wp","href":"https:\/\/api.w.org\/{rel}","templated":true}]}}