{"id":13129,"date":"2025-05-07T15:14:52","date_gmt":"2025-05-07T14:14:52","guid":{"rendered":"https:\/\/v3.bossaot.com\/?page_id=13129"},"modified":"2025-05-07T15:17:59","modified_gmt":"2025-05-07T14:17:59","slug":"termos","status":"publish","type":"page","link":"https:\/\/v3.bossaot.com\/pt-br\/termos\/","title":{"rendered":"Termos de Servi\u00e7o"},"content":{"rendered":"<p>Ao acessar o site da <strong>Bossa Online Training<\/strong>, voc\u00ea concorda em se comprometer com estes termos de servi\u00e7o,<br \/>\ntodas as leis e regulamentos aplic\u00e1veis, e concorda que \u00e9 respons\u00e1vel pelo cumprimento de quaisquer leis locais aplic\u00e1veis.<br \/>\nSe voc\u00ea n\u00e3o concordar com algum desses termos, est\u00e1 proibido de usar ou acessar este site.<br \/>\nOs materiais contidos neste site s\u00e3o protegidos pelas leis de direitos autorais e marcas comerciais aplic\u00e1veis.<\/p>\n<h3>Licen\u00e7a de Uso<\/h3>\n<p>\u00c9 concedida permiss\u00e3o para baixar temporariamente uma c\u00f3pia dos materiais (informa\u00e7\u00f5es ou software) no site da<br \/>\n<strong>Bossa Online Training<\/strong> apenas para visualiza\u00e7\u00e3o transit\u00f3ria pessoal e n\u00e3o comercial.<br \/>\nEsta \u00e9 a concess\u00e3o de uma licen\u00e7a, n\u00e3o uma transfer\u00eancia de t\u00edtulo, e sob esta licen\u00e7a voc\u00ea n\u00e3o pode:<\/p>\n<ul>\n<li>modificar ou copiar os materiais;<\/li>\n<li>usar os materiais para qualquer finalidade comercial, ou para qualquer exibi\u00e7\u00e3o p\u00fablica (comercial ou n\u00e3o comercial);<\/li>\n<li>tentar descompilar ou fazer engenharia reversa de qualquer software contido no site da Bossa Online Training;<\/li>\n<li>remover quaisquer notifica\u00e7\u00f5es de direitos autorais ou outras notifica\u00e7\u00f5es propriet\u00e1rias dos materiais;<\/li>\n<li>transferir os materiais para outra pessoa ou &#8220;espelhar&#8221; os materiais em qualquer outro servidor.<\/li>\n<\/ul>\n<p>Esta licen\u00e7a ser\u00e1 automaticamente encerrada caso voc\u00ea viole alguma dessas restri\u00e7\u00f5es e poder\u00e1 ser encerrada pela<br \/>\n<strong>Bossa Online Training<\/strong> a qualquer momento. Ao encerrar a visualiza\u00e7\u00e3o desses materiais ou ao t\u00e9rmino desta licen\u00e7a,<br \/>\nvoc\u00ea deve destruir quaisquer materiais baixados em sua posse, seja em formato eletr\u00f4nico ou impresso.<\/p>\n<h3>Isen\u00e7\u00e3o de Responsabilidade<\/h3>\n<p>Os materiais no site da <strong>Bossa Online Training<\/strong> s\u00e3o fornecidos &#8220;como est\u00e3o&#8221;.<br \/>\nA Bossa Online Training n\u00e3o oferece garantias, expressas ou impl\u00edcitas, e por este meio se isenta e nega todas as outras garantias,<br \/>\nincluindo, sem limita\u00e7\u00e3o, garantias impl\u00edcitas de comercializa\u00e7\u00e3o, adequa\u00e7\u00e3o a um prop\u00f3sito espec\u00edfico ou n\u00e3o viola\u00e7\u00e3o de propriedade intelectual ou outros direitos.<\/p>\n<p>Al\u00e9m disso, a Bossa Online Training n\u00e3o garante nem faz representa\u00e7\u00f5es relativas \u00e0 precis\u00e3o, resultados prov\u00e1veis ou confiabilidade do uso dos materiais<br \/>\nem seu site ou de outra forma relacionados a tais materiais ou em quaisquer sites vinculados a este site.<\/p>\n<h3>Limita\u00e7\u00f5es<\/h3>\n<p>Em nenhum caso a <strong>Bossa Online Training<\/strong> ou seus fornecedores ser\u00e3o respons\u00e1veis por quaisquer danos (incluindo, sem limita\u00e7\u00e3o,<br \/>\ndanos por perda de dados ou lucros, ou devido \u00e0 interrup\u00e7\u00e3o dos neg\u00f3cios) decorrentes do uso ou da incapacidade de usar os materiais no site<br \/>\nda Bossa Online Training, mesmo que a Bossa Online Training ou um representante autorizado tenha sido informado oralmente ou por escrito<br \/>\nda possibilidade de tais danos. Como algumas jurisdi\u00e7\u00f5es n\u00e3o permitem limita\u00e7\u00f5es em garantias impl\u00edcitas ou limita\u00e7\u00f5es de responsabilidade<br \/>\npor danos consequenciais ou incidentais, essas limita\u00e7\u00f5es podem n\u00e3o se aplicar a voc\u00ea.<\/p>\n<h3>Precis\u00e3o dos Materiais<\/h3>\n<p>Os materiais exibidos no site da <strong>Bossa Online Training<\/strong> podem conter erros t\u00e9cnicos, tipogr\u00e1ficos ou fotogr\u00e1ficos.<br \/>\nA Bossa Online Training n\u00e3o garante que qualquer material em seu site seja preciso, completo ou atual.<br \/>\nA Bossa Online Training pode fazer altera\u00e7\u00f5es nos materiais contidos em seu site a qualquer momento, sem aviso pr\u00e9vio.<br \/>\nNo entanto, a Bossa Online Training n\u00e3o se compromete a atualizar os materiais.<\/p>\n<h3>Links<\/h3>\n<p>A Bossa Online Training n\u00e3o revisou todos os sites vinculados ao seu site e n\u00e3o \u00e9 respons\u00e1vel pelo conte\u00fado de tais sites.<br \/>\nA inclus\u00e3o de qualquer link n\u00e3o implica endosso por parte da Bossa Online Training.<br \/>\nO uso de qualquer site vinculado \u00e9 por conta e risco do usu\u00e1rio.<\/p>\n<h3>Modifica\u00e7\u00f5es<\/h3>\n<p>A Bossa Online Training pode revisar estes termos de servi\u00e7o do seu site a qualquer momento, sem aviso pr\u00e9vio.<br \/>\nAo usar este site, voc\u00ea concorda em ficar vinculado \u00e0 vers\u00e3o atual desses termos de servi\u00e7o.<\/p>\n<h3>Legisla\u00e7\u00e3o Aplic\u00e1vel<\/h3>\n<p>Estes termos e condi\u00e7\u00f5es s\u00e3o regidos e interpretados de acordo com as leis da <strong>Bossa Online Training<\/strong>,<br \/>\ne voc\u00ea se submete irrevogavelmente \u00e0 jurisdi\u00e7\u00e3o exclusiva dos tribunais dessa localidade.<\/p>\n","protected":false},"excerpt":{"rendered":"<p>Ao acessar o site da Bossa Online Training, voc\u00ea concorda em se comprometer com estes termos de servi\u00e7o, todas as leis e regulamentos aplic\u00e1veis, e concorda que \u00e9 respons\u00e1vel pelo cumprimento de quaisquer leis locais aplic\u00e1veis. Se voc\u00ea n\u00e3o concordar com algum desses termos, est\u00e1 proibido de usar ou acessar este site. Os materiais contidos [&hellip;]<\/p>\n","protected":false},"author":1,"featured_media":9855,"parent":0,"menu_order":0,"comment_status":"closed","ping_status":"closed","template":"","meta":{"_acf_changed":false,"footnotes":""},"class_list":["post-13129","page","type-page","status-publish","has-post-thumbnail","hentry"],"acf":[],"_links":{"self":[{"href":"https:\/\/v3.bossaot.com\/pt-br\/wp-json\/wp\/v2\/pages\/13129","targetHints":{"allow":["GET"]}}],"collection":[{"href":"https:\/\/v3.bossaot.com\/pt-br\/wp-json\/wp\/v2\/pages"}],"about":[{"href":"https:\/\/v3.bossaot.com\/pt-br\/wp-json\/wp\/v2\/types\/page"}],"author":[{"embeddable":true,"href":"https:\/\/v3.bossaot.com\/pt-br\/wp-json\/wp\/v2\/users\/1"}],"replies":[{"embeddable":true,"href":"https:\/\/v3.bossaot.com\/pt-br\/wp-json\/wp\/v2\/comments?post=13129"}],"version-history":[{"count":1,"href":"https:\/\/v3.bossaot.com\/pt-br\/wp-json\/wp\/v2\/pages\/13129\/revisions"}],"predecessor-version":[{"id":13130,"href":"https:\/\/v3.bossaot.com\/pt-br\/wp-json\/wp\/v2\/pages\/13129\/revisions\/13130"}],"wp:featuredmedia":[{"embeddable":true,"href":"https:\/\/v3.bossaot.com\/pt-br\/wp-json\/wp\/v2\/media\/9855"}],"wp:attachment":[{"href":"https:\/\/v3.bossaot.com\/pt-br\/wp-json\/wp\/v2\/media?parent=13129"}],"curies":[{"name":"wp","href":"https:\/\/api.w.org\/{rel}","templated":true}]}}