{"id":8953,"date":"2018-07-26T07:17:24","date_gmt":"2018-07-26T06:17:24","guid":{"rendered":"https:\/\/v2.bossaot.com\/?page_id=8953"},"modified":"2025-07-14T15:32:38","modified_gmt":"2025-07-14T14:32:38","slug":"sobre","status":"publish","type":"page","link":"https:\/\/v3.bossaot.com\/pt-br\/sobre\/","title":{"rendered":"Sobre"},"content":{"rendered":"\t\t<div data-elementor-type=\"wp-page\" data-elementor-id=\"8953\" class=\"elementor elementor-8953 elementor-392\" data-elementor-post-type=\"page\">\n\t\t\t\t<div class=\"elementor-element elementor-element-914ffa4 e-grid e-con-boxed e-con e-parent\" data-id=\"914ffa4\" data-element_type=\"container\">\n\t\t\t\t\t<div class=\"e-con-inner\">\n\t\t\t\t<div class=\"elementor-element elementor-element-89b0d57 elementor-widget elementor-widget-text-editor\" data-id=\"89b0d57\" data-element_type=\"widget\" data-widget_type=\"text-editor.default\">\n\t\t\t\t<div class=\"elementor-widget-container\">\n\t\t\t\t\t\t\t\t\t<p>BOT \u2013 Bossa Online Training oferece aos agentes de viagem e operadores de turismo a oportunidade de aprender mais sobre destinos e produtos tur\u00edsticos, oferecendo cursos online para que possam aumentar seus conhecimentos e se tornarem especialistas em sua \u00e1rea.<\/p>\n<p>Ap\u00f3s se registrar na BOT \u2013 Bossa Online Training voc\u00ea ter\u00e1 acesso instant\u00e2neo a todos os treinamentos online. Nosso sistema permite o interc\u00e2mbio f\u00e1cil entre um programa de treinamento e outro, garantindo que voc\u00ea esteja totalmente atualizado com todas as ferramentas mais recentes.<\/p>\n<p>A BOT \u2013 Bossa Online Training tamb\u00e9m permite que voc\u00ea receba incentivos para a conclus\u00e3o bem-sucedida de alguns cursos e o mant\u00e9m atualizado sobre seu progresso durante toda a experi\u00eancia de treinamento.<\/p>\n<p>Depois de se cadastrar na BOT \u2013 Bossa Online Training voc\u00ea receber\u00e1 informa\u00e7\u00f5es sempre que houver novos cursos, eventos de destinos, fam trips, competi\u00e7\u00f5es, incentivos entre outras novidades.<\/p>\n\t\t\t\t\t\t\t\t<\/div>\n\t\t\t\t<\/div>\n\t\t\t\t<div class=\"elementor-element elementor-element-db84b21 elementor-widget elementor-widget-image\" data-id=\"db84b21\" data-element_type=\"widget\" data-widget_type=\"image.default\">\n\t\t\t\t<div class=\"elementor-widget-container\">\n\t\t\t\t\t\t\t\t\t\t\t\t\t\t\t<img fetchpriority=\"high\" decoding=\"async\" width=\"1024\" height=\"1014\" src=\"https:\/\/v3.bossaot.com\/wp-content\/uploads\/2024\/07\/student_online_png-1024x1014.png\" class=\"attachment-large size-large wp-image-6611\" alt=\"\" srcset=\"https:\/\/v3.bossaot.com\/wp-content\/uploads\/2024\/07\/student_online_png-1024x1014.png 1024w, https:\/\/v3.bossaot.com\/wp-content\/uploads\/2024\/07\/student_online_png-300x297.png 300w, https:\/\/v3.bossaot.com\/wp-content\/uploads\/2024\/07\/student_online_png-150x150.png 150w, https:\/\/v3.bossaot.com\/wp-content\/uploads\/2024\/07\/student_online_png-768x760.png 768w, https:\/\/v3.bossaot.com\/wp-content\/uploads\/2024\/07\/student_online_png-75x75.png 75w, https:\/\/v3.bossaot.com\/wp-content\/uploads\/2024\/07\/student_online_png-129x129.png 129w, https:\/\/v3.bossaot.com\/wp-content\/uploads\/2024\/07\/student_online_png-122x120.png 122w, https:\/\/v3.bossaot.com\/wp-content\/uploads\/2024\/07\/student_online_png-69x69.png 69w, https:\/\/v3.bossaot.com\/wp-content\/uploads\/2024\/07\/student_online_png-600x594.png 600w, https:\/\/v3.bossaot.com\/wp-content\/uploads\/2024\/07\/student_online_png-100x100.png 100w, https:\/\/v3.bossaot.com\/wp-content\/uploads\/2024\/07\/student_online_png.png 1200w\" sizes=\"(max-width: 1024px) 100vw, 1024px\" \/>\t\t\t\t\t\t\t\t\t\t\t\t\t\t\t<\/div>\n\t\t\t\t<\/div>\n\t\t\t\t\t<\/div>\n\t\t\t\t<\/div>\n\t\t<div class=\"elementor-element elementor-element-55009e2 e-flex e-con-boxed e-con e-parent\" data-id=\"55009e2\" data-element_type=\"container\">\n\t\t\t\t\t<div class=\"e-con-inner\">\n\t\t<div class=\"elementor-element elementor-element-b6adcb9 e-grid e-con-full e-con e-child\" data-id=\"b6adcb9\" data-element_type=\"container\">\n\t\t\t\t<div class=\"elementor-element elementor-element-ad176a6 elementor-widget elementor-widget-icon-box\" data-id=\"ad176a6\" data-element_type=\"widget\" data-widget_type=\"icon-box.default\">\n\t\t\t\t<div class=\"elementor-widget-container\">\n\t\t\t\t\t\t\t<div class=\"elementor-icon-box-wrapper\">\n\n\t\t\t\n\t\t\t\t\t\t<div class=\"elementor-icon-box-content\">\n\n\t\t\t\t\t\t\t\t\t<h3 class=\"elementor-icon-box-title\">\n\t\t\t\t\t\t<span  >\n\t\t\t\t\t\t\tGRATUITO\t\t\t\t\t\t<\/span>\n\t\t\t\t\t<\/h3>\n\t\t\t\t\n\t\t\t\t\t\t\t\t\t<p class=\"elementor-icon-box-description\">\n\t\t\t\t\t\tTodos os nossos cursos de treinamento on-line s\u00e3o de uso gratuito.\t\t\t\t\t<\/p>\n\t\t\t\t\n\t\t\t<\/div>\n\t\t\t\n\t\t<\/div>\n\t\t\t\t\t\t<\/div>\n\t\t\t\t<\/div>\n\t\t\t\t<div class=\"elementor-element elementor-element-a0e3857 elementor-widget elementor-widget-icon-box\" data-id=\"a0e3857\" data-element_type=\"widget\" data-widget_type=\"icon-box.default\">\n\t\t\t\t<div class=\"elementor-widget-container\">\n\t\t\t\t\t\t\t<div class=\"elementor-icon-box-wrapper\">\n\n\t\t\t\n\t\t\t\t\t\t<div class=\"elementor-icon-box-content\">\n\n\t\t\t\t\t\t\t\t\t<h3 class=\"elementor-icon-box-title\">\n\t\t\t\t\t\t<span  >\n\t\t\t\t\t\t\tINTERATIVO\t\t\t\t\t\t<\/span>\n\t\t\t\t\t<\/h3>\n\t\t\t\t\n\t\t\t\t\t\t\t\t\t<p class=\"elementor-icon-box-description\">\n\t\t\t\t\t\tInformamos constantemente sobre todos os novos treinamentos.\t\t\t\t\t<\/p>\n\t\t\t\t\n\t\t\t<\/div>\n\t\t\t\n\t\t<\/div>\n\t\t\t\t\t\t<\/div>\n\t\t\t\t<\/div>\n\t\t\t\t<div class=\"elementor-element elementor-element-28cae84 elementor-widget elementor-widget-icon-box\" data-id=\"28cae84\" data-element_type=\"widget\" data-widget_type=\"icon-box.default\">\n\t\t\t\t<div class=\"elementor-widget-container\">\n\t\t\t\t\t\t\t<div class=\"elementor-icon-box-wrapper\">\n\n\t\t\t\n\t\t\t\t\t\t<div class=\"elementor-icon-box-content\">\n\n\t\t\t\t\t\t\t\t\t<h3 class=\"elementor-icon-box-title\">\n\t\t\t\t\t\t<span  >\n\t\t\t\t\t\t\tCONVENI\u00caNCIA\t\t\t\t\t\t<\/span>\n\t\t\t\t\t<\/h3>\n\t\t\t\t\n\t\t\t\t\t\t\t\t\t<p class=\"elementor-icon-box-description\">\n\t\t\t\t\t\tAcesse os cursos a qualquer momento e sem limite de tempo para conclus\u00e3o dos programas.\t\t\t\t\t<\/p>\n\t\t\t\t\n\t\t\t<\/div>\n\t\t\t\n\t\t<\/div>\n\t\t\t\t\t\t<\/div>\n\t\t\t\t<\/div>\n\t\t\t\t<div class=\"elementor-element elementor-element-aaef544 elementor-widget elementor-widget-icon-box\" data-id=\"aaef544\" data-element_type=\"widget\" data-widget_type=\"icon-box.default\">\n\t\t\t\t<div class=\"elementor-widget-container\">\n\t\t\t\t\t\t\t<div class=\"elementor-icon-box-wrapper\">\n\n\t\t\t\n\t\t\t\t\t\t<div class=\"elementor-icon-box-content\">\n\n\t\t\t\t\t\t\t\t\t<h3 class=\"elementor-icon-box-title\">\n\t\t\t\t\t\t<span  >\n\t\t\t\t\t\t\tCERTIFICADO\t\t\t\t\t\t<\/span>\n\t\t\t\t\t<\/h3>\n\t\t\t\t\n\t\t\t\t\t\t\t\t\t<p class=\"elementor-icon-box-description\">\n\t\t\t\t\t\tCada programa de treinamento possui exames reconhecidos por aquele destino\/produto de viagem.\t\t\t\t\t<\/p>\n\t\t\t\t\n\t\t\t<\/div>\n\t\t\t\n\t\t<\/div>\n\t\t\t\t\t\t<\/div>\n\t\t\t\t<\/div>\n\t\t\t\t<\/div>\n\t\t\t\t\t<\/div>\n\t\t\t\t<\/div>\n\t\t<div class=\"elementor-element elementor-element-8061f2e e-flex e-con-boxed e-con e-parent\" data-id=\"8061f2e\" data-element_type=\"container\">\n\t\t\t\t\t<div class=\"e-con-inner\">\n\t\t\t\t<div class=\"elementor-element elementor-element-9665067 elementor-widget elementor-widget-text-editor\" data-id=\"9665067\" data-element_type=\"widget\" data-widget_type=\"text-editor.default\">\n\t\t\t\t<div class=\"elementor-widget-container\">\n\t\t\t\t\t\t\t\t\t<p><strong>Chance de ganhar pr\u00eamios e lugares em Fam Trips<\/strong><br \/>Competi\u00e7\u00f5es emocionantes! Ganhe uma vaga em Fam Trips ou qualquer um dos outros pr\u00eamios oferecidos pelos programas de treinamento individual.<\/p>\n<p><strong>Certificado dispon\u00edvel para download para obter seu status de especialista<\/strong><br \/>Cada programa de treinamento tem exames reconhecidos por aquele determinado produto ou destino \/ viagem. Assim que o treinamento for conclu\u00eddo com \u00eaxito, voc\u00ea pode acessar um certificado para download e impress\u00e3o com o status de especialista<\/p>\n\t\t\t\t\t\t\t\t<\/div>\n\t\t\t\t<\/div>\n\t\t\t\t\t<\/div>\n\t\t\t\t<\/div>\n\t\t<div class=\"elementor-element elementor-element-d0e4cbe e-flex e-con-boxed e-con e-parent\" data-id=\"d0e4cbe\" data-element_type=\"container\">\n\t\t\t\t\t<div class=\"e-con-inner\">\n\t\t\t\t<div class=\"elementor-element elementor-element-6c343c7 elementor-align-center elementor-widget elementor-widget-button\" data-id=\"6c343c7\" data-element_type=\"widget\" data-widget_type=\"button.default\">\n\t\t\t\t<div class=\"elementor-widget-container\">\n\t\t\t\t\t\t\t\t\t<div class=\"elementor-button-wrapper icon_align_  \">\n\t\t\t\t\t<a class=\"elementor-button elementor-button-link elementor-size-sm\" href=\"https:\/\/v3.bossaot.com\/pt-br\/register\/\">\n\t\t\t\t\t\t<span class=\"elementor-button-content-wrapper\">\n\t\t\t\t\t\t\t\t\t<span class=\"elementor-button-text\">Cadastrar Agora<\/span>\n\t\t\t\t\t<\/span>\n\t\t\t\t\t<\/a>\n\t\t\t\t<\/div>\n\t\t\t\t\t\t\t\t<\/div>\n\t\t\t\t<\/div>\n\t\t\t\t\t<\/div>\n\t\t\t\t<\/div>\n\t\t\t\t<\/div>\n\t\t","protected":false},"excerpt":{"rendered":"<p>BOT \u2013 Bossa Online Training oferece aos agentes de viagem e operadores de turismo a oportunidade de aprender mais sobre destinos e produtos tur\u00edsticos, oferecendo cursos online para que possam aumentar seus conhecimentos e se tornarem especialistas em sua \u00e1rea. Ap\u00f3s se registrar na BOT \u2013 Bossa Online Training voc\u00ea ter\u00e1 acesso instant\u00e2neo a todos [&hellip;]<\/p>\n","protected":false},"author":1,"featured_media":6761,"parent":0,"menu_order":0,"comment_status":"closed","ping_status":"closed","template":"","meta":{"_acf_changed":false,"footnotes":""},"class_list":["post-8953","page","type-page","status-publish","has-post-thumbnail","hentry"],"acf":[],"_links":{"self":[{"href":"https:\/\/v3.bossaot.com\/pt-br\/wp-json\/wp\/v2\/pages\/8953","targetHints":{"allow":["GET"]}}],"collection":[{"href":"https:\/\/v3.bossaot.com\/pt-br\/wp-json\/wp\/v2\/pages"}],"about":[{"href":"https:\/\/v3.bossaot.com\/pt-br\/wp-json\/wp\/v2\/types\/page"}],"author":[{"embeddable":true,"href":"https:\/\/v3.bossaot.com\/pt-br\/wp-json\/wp\/v2\/users\/1"}],"replies":[{"embeddable":true,"href":"https:\/\/v3.bossaot.com\/pt-br\/wp-json\/wp\/v2\/comments?post=8953"}],"version-history":[{"count":3,"href":"https:\/\/v3.bossaot.com\/pt-br\/wp-json\/wp\/v2\/pages\/8953\/revisions"}],"predecessor-version":[{"id":16249,"href":"https:\/\/v3.bossaot.com\/pt-br\/wp-json\/wp\/v2\/pages\/8953\/revisions\/16249"}],"wp:featuredmedia":[{"embeddable":true,"href":"https:\/\/v3.bossaot.com\/pt-br\/wp-json\/wp\/v2\/media\/6761"}],"wp:attachment":[{"href":"https:\/\/v3.bossaot.com\/pt-br\/wp-json\/wp\/v2\/media?parent=8953"}],"curies":[{"name":"wp","href":"https:\/\/api.w.org\/{rel}","templated":true}]}}